{"id":7207,"date":"2022-06-11T16:40:32","date_gmt":"2022-06-11T13:40:32","guid":{"rendered":"https:\/\/viptravel.fi\/?post_type=product&#038;p=7207"},"modified":"2024-04-22T12:12:03","modified_gmt":"2024-04-22T09:12:03","slug":"cafe-wine-bar-globe","status":"publish","type":"product","link":"https:\/\/viptravel.fi\/en\/tuote\/cafe-wine-bar-globe\/","title":{"rendered":"Cafe &#038; Wine bar GLOBE"},"content":{"rendered":"<section class=\"digitaali_gallery py-3\">\n<div class=\"row no-gutters justify-content-center\">\n<div class=\"col-6 col-md-3 col-lg-2 col-xl-2\" style=\"text-align: left;\">\n<div class=\"embed-responsive embed-responsive-4by3 hover-opacity\">\n<p>We are open:<br \/>\nMon-Thu 10am-6pm<br \/>\nFri-Sat 10am-10pm<\/p>\n<p>Host your sophisticated private event or drop by to enjoy a glass in good company in the heart of Savonlinna.<\/p>\n<p>Local high-quality Vispil\u00e4n kauppa bakery prepares the cakes and pastries for the caf\u00e9. Our high-quality caf\u00e9 &amp; wine bar offers an unforgettable experience for wine enthusiasts. Our selection includes specialty coffees and carefully curated wines that appeal to both seasoned wine connoisseurs and beginners alike. The atmosphere is elegant and relaxed, and we offer delicious small bites in tapas style to complement the wine tasting experience. For Christmas parties, we have prepared our own extensive buffet menus. Our skilled staff can assist you in choosing the perfect wine and provide information about different wine varieties. In our high-quality wine bar, you can enjoy a unique evening, good company, and a stylish environment.<\/p>\n<p>Wine tasting prices start from \u20ac15 depending on the theme of the evening and the selected wines. Our delicious tapas offerings enhance any occasion.<\/p>\n<p>The tapas menus consist of three different-sized dishes. Flavors from Saimaa and around the world can be enjoyed independently as a tasting plate or in the form of tapas platters for larger groups. The caf\u00e9 offers high-quality Vispil\u00e4n kauppa bakery products in both sweet and savory options.<\/p>\n<p>Let us help you organize a memorable event. Business and private events are tailored to your preferences. Caf\u00e9 &amp; Wine Bar also sells landscape cruises in the Savonlinna region, themed cruises, and charter cruises. Welcome to visit!<\/p>\n<p>EVENTS:<\/p>\n<p>Fri 19.4. at 7 pm GLOBE Champagne Tasting<br \/>\nAs the spring season approaches, bubbles are on our minds. We&#8217;re hosting a guided champagne tasting evening at wine bar GLOBE featuring four champagnes. The price for the guided champagne tasting program is \u20ac49\/person. Participation requires a minimum age of 18 and prior registration.<\/p>\n<p>BUY ONLINE<\/p>\n<p>Fri 26.4. Vinyl Record Panel<br \/>\nWe&#8217;ve listened to our customers&#8217; wishes. GLOBE&#8217;s vinyl record panel continues on Fri 26.4.2024 at 7 pm. Join us for a relaxed evening with the vinyl record panel. The panel is a feel-good music night where music takes center stage. The panelists include Savonlinna&#8217;s versatile musicians percussionist Mika Holstr\u00f6m, host and audio technology professional Janze S\u00f6derholm, and musician Jaakko &#8220;Jaska&#8221; R\u00e4is\u00e4nen.<br \/>\nThe event is free of charge. Please arrive early as seating is limited.<\/p>\n<p>Caf\u00e9 &amp; Wine Bar GLOBE<br \/>\nPhone: 044 990 9990<br \/>\nEmail: viinibaariglobe@gmail.com<\/p>\n<p>Sat 4.5.2024 at 7 pm Paint &amp; Wine Night (Product from the website)<br \/>\nThe popular Paint &amp; Wine concept returns to Savonlinna. Caf\u00e9 &amp; Wine Bar GLOBE offers a combination of wine tasting and guided painting suitable for everyone, regardless of painting experience.<\/p>\n<p>Paint &amp; Wine night includes:<br \/>\nGuided visualization relaxation<br \/>\nWine tasting (includes 4 wines) with guidance and tapas plate<br \/>\nSupplies and tools for painting your own canvas<br \/>\nVisualization relaxation and wine tasting open up the flow of creativity and offer the opportunity to let go of performance pressure and everyday stresses.<\/p>\n<p>No previous painting experience is needed. The focus of Paint &amp; Wine night is not the end result but the journey! It&#8217;s recommended to wear an apron or other clothing suitable for painting.<br \/>\nThe visualization relaxation and painting are led by solution-focused coach Johanna Tynkkynen.<\/p>\n<p>The price for the Paint &amp; Wine event is \u20ac59\/person.<\/p>\n<p>BUY ONLINE<\/p>\n<p>GLOBE Price List<\/p>\n<p>Venue capacity: 80 people.<br \/>\nWine tasting: prices start from \u20ac15\/person, always tailored to the group size and preferences<br \/>\nMeetings: 4-20 people, inquire for a quote<br \/>\nPrivate events: Inquire for a quote<br \/>\nWe are open: MON-THU 10-18 &amp; FRI-SAT 10-22<\/p>\n<p>Join wine bar GLOBE&#8217;s VIP wine club and gain access to the inner circle of the wine world. As a club member, you&#8217;ll always receive a 10% discount on all wines, champagnes, spirits, cocktails, and caf\u00e9 products, regardless of price.<\/p>\n<p>Additionally, as a club member, you&#8217;ll receive weekly updates on our new wines and special prices on wines of the week, as well as discounted rates on our wine trips!<\/p>\n<p>How to join? Send an email to viinibaariglobe@gmail.com with the subject line &#8220;Joining the VIP wine club.&#8221; Include your details in the email, name, and phone number. After joining, your personal VIP card can be picked up from Caf\u00e9 &amp; Wine Bar GLOBE. You can also join in person by expressing your interest to our staff.<\/p>\n<p>Welcome to join us on a shared wine journey and gain access to fantastic benefits!<\/p>\n<p>Sales and reservations<\/p>\n<p>Caf\u00e9 &amp; Wine Bar GLOBE<br \/>\nPhone: 044 990 9990<br \/>\nEmail: viinibaariglobe@gmail.com<\/p>\n<\/div>\n<\/div>\n<div class=\"col-6 col-md-3 col-lg-2 col-xl-2\" style=\"text-align: left;\">\n<div class=\"embed-responsive embed-responsive-4by3 hover-opacity\"><\/div>\n<\/div>\n<div class=\"col-6 col-md-3 col-lg-2 col-xl-2\">\n<div class=\"embed-responsive embed-responsive-4by3 hover-opacity\" style=\"text-align: left;\"><\/div>\n<\/div>\n<\/div>\n<\/section>\n","protected":false},"excerpt":{"rendered":"<p>We are open: Mon-Thu 10am-6pm Fri-Sat 10am-10pm Host your sophisticated private event or drop by to enjoy a glass in good company in&#8230;<\/p>\n","protected":false},"author":3,"featured_media":6441,"comment_status":"open","ping_status":"closed","template":"","meta":[],"product_brand":[],"product_cat":[92,82,83,84],"product_tag":[],"giftcard-category":[],"class_list":{"0":"post-7207","1":"product","2":"type-product","3":"status-publish","4":"has-post-thumbnail","6":"product_cat-juhlat-saimaalla-en","7":"product_cat-ravintolat-en","8":"product_cat-tapahtumat-en","9":"product_cat-yleinen-en","11":"first","12":"outofstock","13":"taxable","14":"shipping-taxable","15":"product-type-variable"},"yoast_head":"<!-- This site is optimized with the Yoast SEO plugin v27.3 - https:\/\/yoast.com\/product\/yoast-seo-wordpress\/ -->\n<title>Cafe &amp; Wine bar GLOBE - VIP Travel<\/title>\n<meta name=\"robots\" content=\"index, follow, max-snippet:-1, max-image-preview:large, max-video-preview:-1\" \/>\n<link rel=\"canonical\" href=\"https:\/\/viptravel.fi\/en\/tuote\/cafe-wine-bar-globe\/\" \/>\n<meta property=\"og:locale\" content=\"en_US\" \/>\n<meta property=\"og:type\" content=\"article\" \/>\n<meta property=\"og:title\" content=\"Cafe &amp; Wine bar GLOBE - VIP Travel\" \/>\n<meta property=\"og:description\" content=\"We are open: Mon-Thu 10am-6pm Fri-Sat 10am-10pm Host your sophisticated private event or drop by to enjoy a glass in good company in...\" \/>\n<meta property=\"og:url\" content=\"https:\/\/viptravel.fi\/en\/tuote\/cafe-wine-bar-globe\/\" \/>\n<meta property=\"og:site_name\" content=\"VIP Travel\" \/>\n<meta property=\"article:publisher\" content=\"https:\/\/www.facebook.com\/vipcruisesavonlinna\/\" \/>\n<meta property=\"article:modified_time\" content=\"2024-04-22T09:12:03+00:00\" \/>\n<meta property=\"og:image\" content=\"https:\/\/viptravel.fi\/wp-content\/uploads\/2022\/06\/VIP-Viinibaari-77.jpg\" \/>\n\t<meta property=\"og:image:width\" content=\"2048\" \/>\n\t<meta property=\"og:image:height\" content=\"1365\" \/>\n\t<meta property=\"og:image:type\" content=\"image\/jpeg\" \/>\n<meta name=\"twitter:card\" content=\"summary_large_image\" \/>\n<meta name=\"twitter:label1\" content=\"Est. reading time\" \/>\n\t<meta name=\"twitter:data1\" content=\"5 minutes\" \/>\n<script type=\"application\/ld+json\" class=\"yoast-schema-graph\">{\"@context\":\"https:\\\/\\\/schema.org\",\"@graph\":[{\"@type\":\"WebPage\",\"@id\":\"https:\\\/\\\/viptravel.fi\\\/en\\\/tuote\\\/cafe-wine-bar-globe\\\/\",\"url\":\"https:\\\/\\\/viptravel.fi\\\/en\\\/tuote\\\/cafe-wine-bar-globe\\\/\",\"name\":\"Cafe & Wine bar GLOBE - VIP Travel\",\"isPartOf\":{\"@id\":\"https:\\\/\\\/viptravel.fi\\\/#website\"},\"primaryImageOfPage\":{\"@id\":\"https:\\\/\\\/viptravel.fi\\\/en\\\/tuote\\\/cafe-wine-bar-globe\\\/#primaryimage\"},\"image\":{\"@id\":\"https:\\\/\\\/viptravel.fi\\\/en\\\/tuote\\\/cafe-wine-bar-globe\\\/#primaryimage\"},\"thumbnailUrl\":\"https:\\\/\\\/viptravel.fi\\\/wp-content\\\/uploads\\\/2022\\\/06\\\/VIP-Viinibaari-77.jpg\",\"datePublished\":\"2022-06-11T13:40:32+00:00\",\"dateModified\":\"2024-04-22T09:12:03+00:00\",\"breadcrumb\":{\"@id\":\"https:\\\/\\\/viptravel.fi\\\/en\\\/tuote\\\/cafe-wine-bar-globe\\\/#breadcrumb\"},\"inLanguage\":\"en-US\",\"potentialAction\":[{\"@type\":\"ReadAction\",\"target\":[\"https:\\\/\\\/viptravel.fi\\\/en\\\/tuote\\\/cafe-wine-bar-globe\\\/\"]}]},{\"@type\":\"ImageObject\",\"inLanguage\":\"en-US\",\"@id\":\"https:\\\/\\\/viptravel.fi\\\/en\\\/tuote\\\/cafe-wine-bar-globe\\\/#primaryimage\",\"url\":\"https:\\\/\\\/viptravel.fi\\\/wp-content\\\/uploads\\\/2022\\\/06\\\/VIP-Viinibaari-77.jpg\",\"contentUrl\":\"https:\\\/\\\/viptravel.fi\\\/wp-content\\\/uploads\\\/2022\\\/06\\\/VIP-Viinibaari-77.jpg\",\"width\":2048,\"height\":1365},{\"@type\":\"BreadcrumbList\",\"@id\":\"https:\\\/\\\/viptravel.fi\\\/en\\\/tuote\\\/cafe-wine-bar-globe\\\/#breadcrumb\",\"itemListElement\":[{\"@type\":\"ListItem\",\"position\":1,\"name\":\"Etusivu\",\"item\":\"https:\\\/\\\/viptravel.fi\\\/en\\\/\"},{\"@type\":\"ListItem\",\"position\":2,\"name\":\"Cafe &#038; Wine bar GLOBE\"}]},{\"@type\":\"WebSite\",\"@id\":\"https:\\\/\\\/viptravel.fi\\\/#website\",\"url\":\"https:\\\/\\\/viptravel.fi\\\/\",\"name\":\"VIP Travel\",\"description\":\"Verkkokauppa\",\"publisher\":{\"@id\":\"https:\\\/\\\/viptravel.fi\\\/#organization\"},\"potentialAction\":[{\"@type\":\"SearchAction\",\"target\":{\"@type\":\"EntryPoint\",\"urlTemplate\":\"https:\\\/\\\/viptravel.fi\\\/?s={search_term_string}\"},\"query-input\":{\"@type\":\"PropertyValueSpecification\",\"valueRequired\":true,\"valueName\":\"search_term_string\"}}],\"inLanguage\":\"en-US\"},{\"@type\":\"Organization\",\"@id\":\"https:\\\/\\\/viptravel.fi\\\/#organization\",\"name\":\"VIP Travel\",\"url\":\"https:\\\/\\\/viptravel.fi\\\/\",\"logo\":{\"@type\":\"ImageObject\",\"inLanguage\":\"en-US\",\"@id\":\"https:\\\/\\\/viptravel.fi\\\/#\\\/schema\\\/logo\\\/image\\\/\",\"url\":\"https:\\\/\\\/viptravel.fi\\\/wp-content\\\/uploads\\\/2022\\\/05\\\/VIP-TRAVEL_logo.png\",\"contentUrl\":\"https:\\\/\\\/viptravel.fi\\\/wp-content\\\/uploads\\\/2022\\\/05\\\/VIP-TRAVEL_logo.png\",\"width\":300,\"height\":252,\"caption\":\"VIP Travel\"},\"image\":{\"@id\":\"https:\\\/\\\/viptravel.fi\\\/#\\\/schema\\\/logo\\\/image\\\/\"},\"sameAs\":[\"https:\\\/\\\/www.facebook.com\\\/vipcruisesavonlinna\\\/\"]}]}<\/script>\n<!-- \/ Yoast SEO plugin. -->","yoast_head_json":{"title":"Cafe & Wine bar GLOBE - VIP Travel","robots":{"index":"index","follow":"follow","max-snippet":"max-snippet:-1","max-image-preview":"max-image-preview:large","max-video-preview":"max-video-preview:-1"},"canonical":"https:\/\/viptravel.fi\/en\/tuote\/cafe-wine-bar-globe\/","og_locale":"en_US","og_type":"article","og_title":"Cafe & Wine bar GLOBE - VIP Travel","og_description":"We are open: Mon-Thu 10am-6pm Fri-Sat 10am-10pm Host your sophisticated private event or drop by to enjoy a glass in good company in...","og_url":"https:\/\/viptravel.fi\/en\/tuote\/cafe-wine-bar-globe\/","og_site_name":"VIP Travel","article_publisher":"https:\/\/www.facebook.com\/vipcruisesavonlinna\/","article_modified_time":"2024-04-22T09:12:03+00:00","og_image":[{"width":2048,"height":1365,"url":"https:\/\/viptravel.fi\/wp-content\/uploads\/2022\/06\/VIP-Viinibaari-77.jpg","type":"image\/jpeg"}],"twitter_card":"summary_large_image","twitter_misc":{"Est. reading time":"5 minutes"},"schema":{"@context":"https:\/\/schema.org","@graph":[{"@type":"WebPage","@id":"https:\/\/viptravel.fi\/en\/tuote\/cafe-wine-bar-globe\/","url":"https:\/\/viptravel.fi\/en\/tuote\/cafe-wine-bar-globe\/","name":"Cafe & Wine bar GLOBE - VIP Travel","isPartOf":{"@id":"https:\/\/viptravel.fi\/#website"},"primaryImageOfPage":{"@id":"https:\/\/viptravel.fi\/en\/tuote\/cafe-wine-bar-globe\/#primaryimage"},"image":{"@id":"https:\/\/viptravel.fi\/en\/tuote\/cafe-wine-bar-globe\/#primaryimage"},"thumbnailUrl":"https:\/\/viptravel.fi\/wp-content\/uploads\/2022\/06\/VIP-Viinibaari-77.jpg","datePublished":"2022-06-11T13:40:32+00:00","dateModified":"2024-04-22T09:12:03+00:00","breadcrumb":{"@id":"https:\/\/viptravel.fi\/en\/tuote\/cafe-wine-bar-globe\/#breadcrumb"},"inLanguage":"en-US","potentialAction":[{"@type":"ReadAction","target":["https:\/\/viptravel.fi\/en\/tuote\/cafe-wine-bar-globe\/"]}]},{"@type":"ImageObject","inLanguage":"en-US","@id":"https:\/\/viptravel.fi\/en\/tuote\/cafe-wine-bar-globe\/#primaryimage","url":"https:\/\/viptravel.fi\/wp-content\/uploads\/2022\/06\/VIP-Viinibaari-77.jpg","contentUrl":"https:\/\/viptravel.fi\/wp-content\/uploads\/2022\/06\/VIP-Viinibaari-77.jpg","width":2048,"height":1365},{"@type":"BreadcrumbList","@id":"https:\/\/viptravel.fi\/en\/tuote\/cafe-wine-bar-globe\/#breadcrumb","itemListElement":[{"@type":"ListItem","position":1,"name":"Etusivu","item":"https:\/\/viptravel.fi\/en\/"},{"@type":"ListItem","position":2,"name":"Cafe &#038; Wine bar GLOBE"}]},{"@type":"WebSite","@id":"https:\/\/viptravel.fi\/#website","url":"https:\/\/viptravel.fi\/","name":"VIP Travel","description":"Verkkokauppa","publisher":{"@id":"https:\/\/viptravel.fi\/#organization"},"potentialAction":[{"@type":"SearchAction","target":{"@type":"EntryPoint","urlTemplate":"https:\/\/viptravel.fi\/?s={search_term_string}"},"query-input":{"@type":"PropertyValueSpecification","valueRequired":true,"valueName":"search_term_string"}}],"inLanguage":"en-US"},{"@type":"Organization","@id":"https:\/\/viptravel.fi\/#organization","name":"VIP Travel","url":"https:\/\/viptravel.fi\/","logo":{"@type":"ImageObject","inLanguage":"en-US","@id":"https:\/\/viptravel.fi\/#\/schema\/logo\/image\/","url":"https:\/\/viptravel.fi\/wp-content\/uploads\/2022\/05\/VIP-TRAVEL_logo.png","contentUrl":"https:\/\/viptravel.fi\/wp-content\/uploads\/2022\/05\/VIP-TRAVEL_logo.png","width":300,"height":252,"caption":"VIP Travel"},"image":{"@id":"https:\/\/viptravel.fi\/#\/schema\/logo\/image\/"},"sameAs":["https:\/\/www.facebook.com\/vipcruisesavonlinna\/"]}]}},"meta_box":{"dg_show_campaigns":"0","dg_select_after_page_contents":[],"dg_show_newsletter":"0","digitaali_product_properties":[],"dg_product_map_embed":"","dg_cp_fooevents_meta_from":"","dg_hide_date":""},"_links":{"self":[{"href":"https:\/\/viptravel.fi\/en\/wp-json\/wp\/v2\/product\/7207","targetHints":{"allow":["GET"]}}],"collection":[{"href":"https:\/\/viptravel.fi\/en\/wp-json\/wp\/v2\/product"}],"about":[{"href":"https:\/\/viptravel.fi\/en\/wp-json\/wp\/v2\/types\/product"}],"author":[{"embeddable":true,"href":"https:\/\/viptravel.fi\/en\/wp-json\/wp\/v2\/users\/3"}],"replies":[{"embeddable":true,"href":"https:\/\/viptravel.fi\/en\/wp-json\/wp\/v2\/comments?post=7207"}],"wp:featuredmedia":[{"embeddable":true,"href":"https:\/\/viptravel.fi\/en\/wp-json\/wp\/v2\/media\/6441"}],"wp:attachment":[{"href":"https:\/\/viptravel.fi\/en\/wp-json\/wp\/v2\/media?parent=7207"}],"wp:term":[{"taxonomy":"product_brand","embeddable":true,"href":"https:\/\/viptravel.fi\/en\/wp-json\/wp\/v2\/product_brand?post=7207"},{"taxonomy":"product_cat","embeddable":true,"href":"https:\/\/viptravel.fi\/en\/wp-json\/wp\/v2\/product_cat?post=7207"},{"taxonomy":"product_tag","embeddable":true,"href":"https:\/\/viptravel.fi\/en\/wp-json\/wp\/v2\/product_tag?post=7207"},{"taxonomy":"giftcard-category","embeddable":true,"href":"https:\/\/viptravel.fi\/en\/wp-json\/wp\/v2\/giftcard-category?post=7207"}],"curies":[{"name":"wp","href":"https:\/\/api.w.org\/{rel}","templated":true}]}}