{"id":7889,"date":"2022-04-19T11:24:17","date_gmt":"2022-04-19T08:24:17","guid":{"rendered":"https:\/\/viptravel.fi\/tapahtumanjarjestajalle\/"},"modified":"2024-05-30T12:55:08","modified_gmt":"2024-05-30T09:55:08","slug":"tapahtumanjarjestajalle","status":"publish","type":"page","link":"https:\/\/viptravel.fi\/en\/tapahtumanjarjestajalle\/","title":{"rendered":"Event Planning Services for Organizers"},"content":{"rendered":"<h2 style=\"text-align: center;\">Event Planning Services for Organizers<\/h2>\n<p style=\"text-align: center;\">Dreaming of organizing an event? You can arrange a celebration or corporate event through us. We make things easy for event planners!<br \/>\nContact us, and we will design a customized event package that suits your needs.<\/p>\n<p style=\"text-align: center;\">Organize an unforgettable celebration or private event in the heart of Saimaa, Savonlinna, aboard a unique steamship!<\/p>\n<p style=\"text-align: center;\">With VIP Cruise&#8217;s fleet, you will surely find the perfect venue for any celebration. We provide elegant and unique settings for events like birthdays, weddings, or Christmas parties. Our delicious catering can make any occasion even more special. Ask us for more information, and we will recommend the best venue for your needs.<\/p>\n<p style=\"text-align: center;\"><strong>Memorable Meetings Within Your Budget<\/strong><\/p>\n<p style=\"text-align: center;\">Do you need inspiring programs for your strategy or meeting day? Let\u2019s agree on a budget, and we will tailor a meeting program just for you, with high quality. The program could include a VIP suite at a Jokerit KHL game, a private steamship cruise, a full-service meeting day, or an active experience package.<\/p>\n<p style=\"text-align: center;\"><strong>CONTACT US<\/strong><\/p>\n<p style=\"text-align: center;\"><strong>VIP Travel \u2013 Savonlinna Travel Agency<\/strong><br \/>\nSatamakatu 9, 57130 Savonlinna<br \/>\nPhone: +358 600 392020 (\u20ac1.25\/call + \u20ac0.48\/min)<br \/>\nEmail: heli.kotro@viptravel.fi \/ suna.huikko@viptravel.fi<\/p>\n","protected":false},"excerpt":{"rendered":"<p>Event Planning Services for Organizers Dreaming of organizing an event? You can arrange a celebration or corporate event through us. We make things&#8230;<\/p>\n","protected":false},"author":2,"featured_media":175,"parent":0,"menu_order":0,"comment_status":"closed","ping_status":"closed","template":"","meta":{"footnotes":""},"class_list":["post-7889","page","type-page","status-publish","has-post-thumbnail","hentry"],"yoast_head":"<!-- This site is optimized with the Yoast SEO plugin v27.4 - https:\/\/yoast.com\/product\/yoast-seo-wordpress\/ -->\n<title>Event Planning Services for Organizers - VIP Travel<\/title>\n<meta name=\"description\" content=\"Tapahtumanj\u00e4rjest\u00e4j\u00e4lle - VIP Travel. Tarjoamme yksil\u00f6llisi\u00e4 ja laadukkaita Saimaan risteilyit\u00e4 sek\u00e4 r\u00e4\u00e4t\u00e4l\u00f6ityj\u00e4 lomamatkoja.\" \/>\n<meta name=\"robots\" content=\"index, follow, max-snippet:-1, max-image-preview:large, max-video-preview:-1\" \/>\n<link rel=\"canonical\" href=\"https:\/\/viptravel.fi\/en\/tapahtumanjarjestajalle\/\" \/>\n<meta property=\"og:locale\" content=\"en_US\" \/>\n<meta property=\"og:type\" content=\"article\" \/>\n<meta property=\"og:title\" content=\"Event Planning Services for Organizers - VIP Travel\" \/>\n<meta property=\"og:description\" content=\"Tapahtumanj\u00e4rjest\u00e4j\u00e4lle - VIP Travel. Tarjoamme yksil\u00f6llisi\u00e4 ja laadukkaita Saimaan risteilyit\u00e4 sek\u00e4 r\u00e4\u00e4t\u00e4l\u00f6ityj\u00e4 lomamatkoja.\" \/>\n<meta property=\"og:url\" content=\"https:\/\/viptravel.fi\/en\/tapahtumanjarjestajalle\/\" \/>\n<meta property=\"og:site_name\" content=\"VIP Travel\" \/>\n<meta property=\"article:publisher\" content=\"https:\/\/www.facebook.com\/vipcruisesavonlinna\/\" \/>\n<meta property=\"article:modified_time\" content=\"2024-05-30T09:55:08+00:00\" \/>\n<meta property=\"og:image\" content=\"https:\/\/viptravel.fi\/wp-content\/uploads\/2022\/04\/Image-111.jpg\" \/>\n\t<meta property=\"og:image:width\" content=\"1920\" \/>\n\t<meta property=\"og:image:height\" content=\"1044\" \/>\n\t<meta property=\"og:image:type\" content=\"image\/jpeg\" \/>\n<meta name=\"twitter:card\" content=\"summary_large_image\" \/>\n<meta name=\"twitter:label1\" content=\"Est. reading time\" \/>\n\t<meta name=\"twitter:data1\" content=\"2 minutes\" \/>\n<script type=\"application\/ld+json\" class=\"yoast-schema-graph\">{\"@context\":\"https:\\\/\\\/schema.org\",\"@graph\":[{\"@type\":\"WebPage\",\"@id\":\"https:\\\/\\\/viptravel.fi\\\/en\\\/tapahtumanjarjestajalle\\\/\",\"url\":\"https:\\\/\\\/viptravel.fi\\\/en\\\/tapahtumanjarjestajalle\\\/\",\"name\":\"Event Planning Services for Organizers - VIP Travel\",\"isPartOf\":{\"@id\":\"https:\\\/\\\/viptravel.fi\\\/#website\"},\"primaryImageOfPage\":{\"@id\":\"https:\\\/\\\/viptravel.fi\\\/en\\\/tapahtumanjarjestajalle\\\/#primaryimage\"},\"image\":{\"@id\":\"https:\\\/\\\/viptravel.fi\\\/en\\\/tapahtumanjarjestajalle\\\/#primaryimage\"},\"thumbnailUrl\":\"https:\\\/\\\/viptravel.fi\\\/wp-content\\\/uploads\\\/2022\\\/04\\\/Image-111.jpg\",\"datePublished\":\"2022-04-19T08:24:17+00:00\",\"dateModified\":\"2024-05-30T09:55:08+00:00\",\"description\":\"Tapahtumanj\u00e4rjest\u00e4j\u00e4lle - VIP Travel. Tarjoamme yksil\u00f6llisi\u00e4 ja laadukkaita Saimaan risteilyit\u00e4 sek\u00e4 r\u00e4\u00e4t\u00e4l\u00f6ityj\u00e4 lomamatkoja.\",\"breadcrumb\":{\"@id\":\"https:\\\/\\\/viptravel.fi\\\/en\\\/tapahtumanjarjestajalle\\\/#breadcrumb\"},\"inLanguage\":\"en-US\",\"potentialAction\":[{\"@type\":\"ReadAction\",\"target\":[\"https:\\\/\\\/viptravel.fi\\\/en\\\/tapahtumanjarjestajalle\\\/\"]}]},{\"@type\":\"ImageObject\",\"inLanguage\":\"en-US\",\"@id\":\"https:\\\/\\\/viptravel.fi\\\/en\\\/tapahtumanjarjestajalle\\\/#primaryimage\",\"url\":\"https:\\\/\\\/viptravel.fi\\\/wp-content\\\/uploads\\\/2022\\\/04\\\/Image-111.jpg\",\"contentUrl\":\"https:\\\/\\\/viptravel.fi\\\/wp-content\\\/uploads\\\/2022\\\/04\\\/Image-111.jpg\",\"width\":1920,\"height\":1044,\"caption\":\"tapahtumanj\u00e4rjest\u00e4j\u00e4lle\"},{\"@type\":\"BreadcrumbList\",\"@id\":\"https:\\\/\\\/viptravel.fi\\\/en\\\/tapahtumanjarjestajalle\\\/#breadcrumb\",\"itemListElement\":[{\"@type\":\"ListItem\",\"position\":1,\"name\":\"Etusivu\",\"item\":\"https:\\\/\\\/viptravel.fi\\\/en\\\/\"},{\"@type\":\"ListItem\",\"position\":2,\"name\":\"Event Planning Services for Organizers\"}]},{\"@type\":\"WebSite\",\"@id\":\"https:\\\/\\\/viptravel.fi\\\/#website\",\"url\":\"https:\\\/\\\/viptravel.fi\\\/\",\"name\":\"VIP Travel\",\"description\":\"Verkkokauppa\",\"publisher\":{\"@id\":\"https:\\\/\\\/viptravel.fi\\\/#organization\"},\"potentialAction\":[{\"@type\":\"SearchAction\",\"target\":{\"@type\":\"EntryPoint\",\"urlTemplate\":\"https:\\\/\\\/viptravel.fi\\\/?s={search_term_string}\"},\"query-input\":{\"@type\":\"PropertyValueSpecification\",\"valueRequired\":true,\"valueName\":\"search_term_string\"}}],\"inLanguage\":\"en-US\"},{\"@type\":\"Organization\",\"@id\":\"https:\\\/\\\/viptravel.fi\\\/#organization\",\"name\":\"VIP Travel\",\"url\":\"https:\\\/\\\/viptravel.fi\\\/\",\"logo\":{\"@type\":\"ImageObject\",\"inLanguage\":\"en-US\",\"@id\":\"https:\\\/\\\/viptravel.fi\\\/#\\\/schema\\\/logo\\\/image\\\/\",\"url\":\"https:\\\/\\\/viptravel.fi\\\/wp-content\\\/uploads\\\/2022\\\/05\\\/VIP-TRAVEL_logo.png\",\"contentUrl\":\"https:\\\/\\\/viptravel.fi\\\/wp-content\\\/uploads\\\/2022\\\/05\\\/VIP-TRAVEL_logo.png\",\"width\":300,\"height\":252,\"caption\":\"VIP Travel\"},\"image\":{\"@id\":\"https:\\\/\\\/viptravel.fi\\\/#\\\/schema\\\/logo\\\/image\\\/\"},\"sameAs\":[\"https:\\\/\\\/www.facebook.com\\\/vipcruisesavonlinna\\\/\"]}]}<\/script>\n<!-- \/ Yoast SEO plugin. -->","yoast_head_json":{"title":"Event Planning Services for Organizers - VIP Travel","description":"Tapahtumanj\u00e4rjest\u00e4j\u00e4lle - VIP Travel. Tarjoamme yksil\u00f6llisi\u00e4 ja laadukkaita Saimaan risteilyit\u00e4 sek\u00e4 r\u00e4\u00e4t\u00e4l\u00f6ityj\u00e4 lomamatkoja.","robots":{"index":"index","follow":"follow","max-snippet":"max-snippet:-1","max-image-preview":"max-image-preview:large","max-video-preview":"max-video-preview:-1"},"canonical":"https:\/\/viptravel.fi\/en\/tapahtumanjarjestajalle\/","og_locale":"en_US","og_type":"article","og_title":"Event Planning Services for Organizers - VIP Travel","og_description":"Tapahtumanj\u00e4rjest\u00e4j\u00e4lle - VIP Travel. Tarjoamme yksil\u00f6llisi\u00e4 ja laadukkaita Saimaan risteilyit\u00e4 sek\u00e4 r\u00e4\u00e4t\u00e4l\u00f6ityj\u00e4 lomamatkoja.","og_url":"https:\/\/viptravel.fi\/en\/tapahtumanjarjestajalle\/","og_site_name":"VIP Travel","article_publisher":"https:\/\/www.facebook.com\/vipcruisesavonlinna\/","article_modified_time":"2024-05-30T09:55:08+00:00","og_image":[{"width":1920,"height":1044,"url":"https:\/\/viptravel.fi\/wp-content\/uploads\/2022\/04\/Image-111.jpg","type":"image\/jpeg"}],"twitter_card":"summary_large_image","twitter_misc":{"Est. reading time":"2 minutes"},"schema":{"@context":"https:\/\/schema.org","@graph":[{"@type":"WebPage","@id":"https:\/\/viptravel.fi\/en\/tapahtumanjarjestajalle\/","url":"https:\/\/viptravel.fi\/en\/tapahtumanjarjestajalle\/","name":"Event Planning Services for Organizers - VIP Travel","isPartOf":{"@id":"https:\/\/viptravel.fi\/#website"},"primaryImageOfPage":{"@id":"https:\/\/viptravel.fi\/en\/tapahtumanjarjestajalle\/#primaryimage"},"image":{"@id":"https:\/\/viptravel.fi\/en\/tapahtumanjarjestajalle\/#primaryimage"},"thumbnailUrl":"https:\/\/viptravel.fi\/wp-content\/uploads\/2022\/04\/Image-111.jpg","datePublished":"2022-04-19T08:24:17+00:00","dateModified":"2024-05-30T09:55:08+00:00","description":"Tapahtumanj\u00e4rjest\u00e4j\u00e4lle - VIP Travel. Tarjoamme yksil\u00f6llisi\u00e4 ja laadukkaita Saimaan risteilyit\u00e4 sek\u00e4 r\u00e4\u00e4t\u00e4l\u00f6ityj\u00e4 lomamatkoja.","breadcrumb":{"@id":"https:\/\/viptravel.fi\/en\/tapahtumanjarjestajalle\/#breadcrumb"},"inLanguage":"en-US","potentialAction":[{"@type":"ReadAction","target":["https:\/\/viptravel.fi\/en\/tapahtumanjarjestajalle\/"]}]},{"@type":"ImageObject","inLanguage":"en-US","@id":"https:\/\/viptravel.fi\/en\/tapahtumanjarjestajalle\/#primaryimage","url":"https:\/\/viptravel.fi\/wp-content\/uploads\/2022\/04\/Image-111.jpg","contentUrl":"https:\/\/viptravel.fi\/wp-content\/uploads\/2022\/04\/Image-111.jpg","width":1920,"height":1044,"caption":"tapahtumanj\u00e4rjest\u00e4j\u00e4lle"},{"@type":"BreadcrumbList","@id":"https:\/\/viptravel.fi\/en\/tapahtumanjarjestajalle\/#breadcrumb","itemListElement":[{"@type":"ListItem","position":1,"name":"Etusivu","item":"https:\/\/viptravel.fi\/en\/"},{"@type":"ListItem","position":2,"name":"Event Planning Services for Organizers"}]},{"@type":"WebSite","@id":"https:\/\/viptravel.fi\/#website","url":"https:\/\/viptravel.fi\/","name":"VIP Travel","description":"Verkkokauppa","publisher":{"@id":"https:\/\/viptravel.fi\/#organization"},"potentialAction":[{"@type":"SearchAction","target":{"@type":"EntryPoint","urlTemplate":"https:\/\/viptravel.fi\/?s={search_term_string}"},"query-input":{"@type":"PropertyValueSpecification","valueRequired":true,"valueName":"search_term_string"}}],"inLanguage":"en-US"},{"@type":"Organization","@id":"https:\/\/viptravel.fi\/#organization","name":"VIP Travel","url":"https:\/\/viptravel.fi\/","logo":{"@type":"ImageObject","inLanguage":"en-US","@id":"https:\/\/viptravel.fi\/#\/schema\/logo\/image\/","url":"https:\/\/viptravel.fi\/wp-content\/uploads\/2022\/05\/VIP-TRAVEL_logo.png","contentUrl":"https:\/\/viptravel.fi\/wp-content\/uploads\/2022\/05\/VIP-TRAVEL_logo.png","width":300,"height":252,"caption":"VIP Travel"},"image":{"@id":"https:\/\/viptravel.fi\/#\/schema\/logo\/image\/"},"sameAs":["https:\/\/www.facebook.com\/vipcruisesavonlinna\/"]}]}},"meta_box":{"dg_tuotenosto_row":[],"dg_recommended_product_categories_title":"","dg_recommended_product_categories":[],"dg_show_campaigns":"0","dg_select_after_page_contents":[],"dg_show_newsletter":"0","dg_alternating_image_text_row_order_1":"","dg_alternating_image_text_grid_group_1":[],"digitaali_top_hero_hide":"0","digitaali_top_overlay_text_hide":"0","digitaali_top_overlay_caption":"","digitaali_carousel_slide_group":[],"digitaali_top_video":[],"digitaali_top_video_poster":[],"digitaali_top_video_mobile":[]},"_links":{"self":[{"href":"https:\/\/viptravel.fi\/en\/wp-json\/wp\/v2\/pages\/7889","targetHints":{"allow":["GET"]}}],"collection":[{"href":"https:\/\/viptravel.fi\/en\/wp-json\/wp\/v2\/pages"}],"about":[{"href":"https:\/\/viptravel.fi\/en\/wp-json\/wp\/v2\/types\/page"}],"author":[{"embeddable":true,"href":"https:\/\/viptravel.fi\/en\/wp-json\/wp\/v2\/users\/2"}],"replies":[{"embeddable":true,"href":"https:\/\/viptravel.fi\/en\/wp-json\/wp\/v2\/comments?post=7889"}],"version-history":[{"count":2,"href":"https:\/\/viptravel.fi\/en\/wp-json\/wp\/v2\/pages\/7889\/revisions"}],"predecessor-version":[{"id":7891,"href":"https:\/\/viptravel.fi\/en\/wp-json\/wp\/v2\/pages\/7889\/revisions\/7891"}],"wp:featuredmedia":[{"embeddable":true,"href":"https:\/\/viptravel.fi\/en\/wp-json\/wp\/v2\/media\/175"}],"wp:attachment":[{"href":"https:\/\/viptravel.fi\/en\/wp-json\/wp\/v2\/media?parent=7889"}],"curies":[{"name":"wp","href":"https:\/\/api.w.org\/{rel}","templated":true}]}}