{"id":7831,"date":"2022-04-19T11:23:18","date_gmt":"2022-04-19T08:23:18","guid":{"rendered":"https:\/\/viptravel.fi\/raataloity-loma\/"},"modified":"2024-05-28T13:16:51","modified_gmt":"2024-05-28T10:16:51","slug":"raataloity-loma","status":"publish","type":"page","link":"https:\/\/viptravel.fi\/en\/raataloity-loma\/","title":{"rendered":"R\u00e4\u00e4t\u00e4l\u00f6idyt lomat"},"content":{"rendered":"<div id=\"pgc-226-0-0\" class=\"panel-grid-cell\">\n<div id=\"panel-226-0-0-0\" class=\"so-panel widget widget_sow-editor panel-first-child panel-last-child\" data-index=\"0\">\n<div class=\"panel-widget-style panel-widget-style-for-226-0-0-0\">\n<div class=\"so-widget-sow-editor so-widget-sow-editor-base\">\n<div class=\"siteorigin-widget-tinymce textwidget\">\n<h2>Customized Vacation<\/h2>\n<p>Whether you&#8217;re planning a trip anywhere in the world, we&#8217;ll work together to plan your dream vacation, make reservations, and take care of your visa needs. Through us, you can conveniently travel from Savonlinna either by bus or from Savonlinna&#8217;s own airport. You can also book vacations through Matka-Kosonen, Olympia Long-Haul Tours, and Apollo Tours. Experience your tailored dream vacation through VIP Travel!<\/p>\n<p>What kind of vacation are you dreaming of? Perhaps an easy and carefree package trip to a warm destination abroad? Visiting well-known destinations in Finland or cruising in crystal-clear waters? Do you want to go on vacation alone, as a couple, with friends, or with family? Plan your own vacation or contact us. Let&#8217;s plan a vacation that suits your needs!<\/p>\n<h2>See the world from top-class cruise ships<\/h2>\n<p>Cruises are a great way to experience more on vacation. Experience sunshine and crystal-clear water from the ship. Enjoy a relaxing and leisurely sea journey. Explore diverse event cruises planned by the captain or request a quote, and we&#8217;ll tailor the perfect cruise package just for you!<\/p>\n<\/div>\n<\/div>\n<\/div>\n<\/div>\n<\/div>\n","protected":false},"excerpt":{"rendered":"<p>Customized Vacation Whether you&#8217;re planning a trip anywhere in the world, we&#8217;ll work together to plan your dream vacation, make reservations, and take&#8230;<\/p>\n","protected":false},"author":2,"featured_media":838,"parent":0,"menu_order":0,"comment_status":"closed","ping_status":"closed","template":"","meta":{"footnotes":""},"class_list":["post-7831","page","type-page","status-publish","has-post-thumbnail","hentry"],"yoast_head":"<!-- This site is optimized with the Yoast SEO plugin v27.3 - https:\/\/yoast.com\/product\/yoast-seo-wordpress\/ -->\n<title>R\u00e4\u00e4t\u00e4l\u00f6ity loma - Vip Travel<\/title>\n<meta name=\"description\" content=\"R\u00e4\u00e4t\u00e4l\u00f6ity loma - Vip Travel. Vip Travel toteuttaa matkaunelmasi! Tarjoamme mm. yksil\u00f6llisi\u00e4 ja laadukkaita Saimaa-risteilyel\u00e4myksi\u00e4.\" \/>\n<meta name=\"robots\" content=\"index, follow, max-snippet:-1, max-image-preview:large, max-video-preview:-1\" \/>\n<link rel=\"canonical\" href=\"https:\/\/viptravel.fi\/en\/raataloity-loma\/\" \/>\n<meta property=\"og:locale\" content=\"en_US\" \/>\n<meta property=\"og:type\" content=\"article\" \/>\n<meta property=\"og:title\" content=\"R\u00e4\u00e4t\u00e4l\u00f6ity loma - Vip Travel\" \/>\n<meta property=\"og:description\" content=\"R\u00e4\u00e4t\u00e4l\u00f6ity loma - Vip Travel. Vip Travel toteuttaa matkaunelmasi! Tarjoamme mm. yksil\u00f6llisi\u00e4 ja laadukkaita Saimaa-risteilyel\u00e4myksi\u00e4.\" \/>\n<meta property=\"og:url\" content=\"https:\/\/viptravel.fi\/en\/raataloity-loma\/\" \/>\n<meta property=\"og:site_name\" content=\"VIP Travel\" \/>\n<meta property=\"article:publisher\" content=\"https:\/\/www.facebook.com\/vipcruisesavonlinna\/\" \/>\n<meta property=\"article:modified_time\" content=\"2024-05-28T10:16:51+00:00\" \/>\n<meta property=\"og:image\" content=\"https:\/\/viptravel.fi\/wp-content\/uploads\/2022\/06\/9B1C64C0-ACD4-44FC-AE2B-ECFDADEEB90C.jpeg\" \/>\n\t<meta property=\"og:image:width\" content=\"2048\" \/>\n\t<meta property=\"og:image:height\" content=\"1365\" \/>\n\t<meta property=\"og:image:type\" content=\"image\/jpeg\" \/>\n<meta name=\"twitter:card\" content=\"summary_large_image\" \/>\n<meta name=\"twitter:label1\" content=\"Est. reading time\" \/>\n\t<meta name=\"twitter:data1\" content=\"2 minutes\" \/>\n<script type=\"application\/ld+json\" class=\"yoast-schema-graph\">{\"@context\":\"https:\\\/\\\/schema.org\",\"@graph\":[{\"@type\":\"WebPage\",\"@id\":\"https:\\\/\\\/viptravel.fi\\\/en\\\/raataloity-loma\\\/\",\"url\":\"https:\\\/\\\/viptravel.fi\\\/en\\\/raataloity-loma\\\/\",\"name\":\"R\u00e4\u00e4t\u00e4l\u00f6ity loma - Vip Travel\",\"isPartOf\":{\"@id\":\"https:\\\/\\\/viptravel.fi\\\/#website\"},\"primaryImageOfPage\":{\"@id\":\"https:\\\/\\\/viptravel.fi\\\/en\\\/raataloity-loma\\\/#primaryimage\"},\"image\":{\"@id\":\"https:\\\/\\\/viptravel.fi\\\/en\\\/raataloity-loma\\\/#primaryimage\"},\"thumbnailUrl\":\"https:\\\/\\\/viptravel.fi\\\/wp-content\\\/uploads\\\/2022\\\/06\\\/9B1C64C0-ACD4-44FC-AE2B-ECFDADEEB90C.jpeg\",\"datePublished\":\"2022-04-19T08:23:18+00:00\",\"dateModified\":\"2024-05-28T10:16:51+00:00\",\"description\":\"R\u00e4\u00e4t\u00e4l\u00f6ity loma - Vip Travel. Vip Travel toteuttaa matkaunelmasi! Tarjoamme mm. yksil\u00f6llisi\u00e4 ja laadukkaita Saimaa-risteilyel\u00e4myksi\u00e4.\",\"breadcrumb\":{\"@id\":\"https:\\\/\\\/viptravel.fi\\\/en\\\/raataloity-loma\\\/#breadcrumb\"},\"inLanguage\":\"en-US\",\"potentialAction\":[{\"@type\":\"ReadAction\",\"target\":[\"https:\\\/\\\/viptravel.fi\\\/en\\\/raataloity-loma\\\/\"]}]},{\"@type\":\"ImageObject\",\"inLanguage\":\"en-US\",\"@id\":\"https:\\\/\\\/viptravel.fi\\\/en\\\/raataloity-loma\\\/#primaryimage\",\"url\":\"https:\\\/\\\/viptravel.fi\\\/wp-content\\\/uploads\\\/2022\\\/06\\\/9B1C64C0-ACD4-44FC-AE2B-ECFDADEEB90C.jpeg\",\"contentUrl\":\"https:\\\/\\\/viptravel.fi\\\/wp-content\\\/uploads\\\/2022\\\/06\\\/9B1C64C0-ACD4-44FC-AE2B-ECFDADEEB90C.jpeg\",\"width\":2048,\"height\":1365,\"caption\":\"r\u00e4\u00e4t\u00e4l\u00f6ity loma\"},{\"@type\":\"BreadcrumbList\",\"@id\":\"https:\\\/\\\/viptravel.fi\\\/en\\\/raataloity-loma\\\/#breadcrumb\",\"itemListElement\":[{\"@type\":\"ListItem\",\"position\":1,\"name\":\"Etusivu\",\"item\":\"https:\\\/\\\/viptravel.fi\\\/en\\\/\"},{\"@type\":\"ListItem\",\"position\":2,\"name\":\"R\u00e4\u00e4t\u00e4l\u00f6idyt lomat\"}]},{\"@type\":\"WebSite\",\"@id\":\"https:\\\/\\\/viptravel.fi\\\/#website\",\"url\":\"https:\\\/\\\/viptravel.fi\\\/\",\"name\":\"VIP Travel\",\"description\":\"Verkkokauppa\",\"publisher\":{\"@id\":\"https:\\\/\\\/viptravel.fi\\\/#organization\"},\"potentialAction\":[{\"@type\":\"SearchAction\",\"target\":{\"@type\":\"EntryPoint\",\"urlTemplate\":\"https:\\\/\\\/viptravel.fi\\\/?s={search_term_string}\"},\"query-input\":{\"@type\":\"PropertyValueSpecification\",\"valueRequired\":true,\"valueName\":\"search_term_string\"}}],\"inLanguage\":\"en-US\"},{\"@type\":\"Organization\",\"@id\":\"https:\\\/\\\/viptravel.fi\\\/#organization\",\"name\":\"VIP Travel\",\"url\":\"https:\\\/\\\/viptravel.fi\\\/\",\"logo\":{\"@type\":\"ImageObject\",\"inLanguage\":\"en-US\",\"@id\":\"https:\\\/\\\/viptravel.fi\\\/#\\\/schema\\\/logo\\\/image\\\/\",\"url\":\"https:\\\/\\\/viptravel.fi\\\/wp-content\\\/uploads\\\/2022\\\/05\\\/VIP-TRAVEL_logo.png\",\"contentUrl\":\"https:\\\/\\\/viptravel.fi\\\/wp-content\\\/uploads\\\/2022\\\/05\\\/VIP-TRAVEL_logo.png\",\"width\":300,\"height\":252,\"caption\":\"VIP Travel\"},\"image\":{\"@id\":\"https:\\\/\\\/viptravel.fi\\\/#\\\/schema\\\/logo\\\/image\\\/\"},\"sameAs\":[\"https:\\\/\\\/www.facebook.com\\\/vipcruisesavonlinna\\\/\"]}]}<\/script>\n<!-- \/ Yoast SEO plugin. -->","yoast_head_json":{"title":"R\u00e4\u00e4t\u00e4l\u00f6ity loma - Vip Travel","description":"R\u00e4\u00e4t\u00e4l\u00f6ity loma - Vip Travel. Vip Travel toteuttaa matkaunelmasi! Tarjoamme mm. yksil\u00f6llisi\u00e4 ja laadukkaita Saimaa-risteilyel\u00e4myksi\u00e4.","robots":{"index":"index","follow":"follow","max-snippet":"max-snippet:-1","max-image-preview":"max-image-preview:large","max-video-preview":"max-video-preview:-1"},"canonical":"https:\/\/viptravel.fi\/en\/raataloity-loma\/","og_locale":"en_US","og_type":"article","og_title":"R\u00e4\u00e4t\u00e4l\u00f6ity loma - Vip Travel","og_description":"R\u00e4\u00e4t\u00e4l\u00f6ity loma - Vip Travel. Vip Travel toteuttaa matkaunelmasi! Tarjoamme mm. yksil\u00f6llisi\u00e4 ja laadukkaita Saimaa-risteilyel\u00e4myksi\u00e4.","og_url":"https:\/\/viptravel.fi\/en\/raataloity-loma\/","og_site_name":"VIP Travel","article_publisher":"https:\/\/www.facebook.com\/vipcruisesavonlinna\/","article_modified_time":"2024-05-28T10:16:51+00:00","og_image":[{"width":2048,"height":1365,"url":"https:\/\/viptravel.fi\/wp-content\/uploads\/2022\/06\/9B1C64C0-ACD4-44FC-AE2B-ECFDADEEB90C.jpeg","type":"image\/jpeg"}],"twitter_card":"summary_large_image","twitter_misc":{"Est. reading time":"2 minutes"},"schema":{"@context":"https:\/\/schema.org","@graph":[{"@type":"WebPage","@id":"https:\/\/viptravel.fi\/en\/raataloity-loma\/","url":"https:\/\/viptravel.fi\/en\/raataloity-loma\/","name":"R\u00e4\u00e4t\u00e4l\u00f6ity loma - Vip Travel","isPartOf":{"@id":"https:\/\/viptravel.fi\/#website"},"primaryImageOfPage":{"@id":"https:\/\/viptravel.fi\/en\/raataloity-loma\/#primaryimage"},"image":{"@id":"https:\/\/viptravel.fi\/en\/raataloity-loma\/#primaryimage"},"thumbnailUrl":"https:\/\/viptravel.fi\/wp-content\/uploads\/2022\/06\/9B1C64C0-ACD4-44FC-AE2B-ECFDADEEB90C.jpeg","datePublished":"2022-04-19T08:23:18+00:00","dateModified":"2024-05-28T10:16:51+00:00","description":"R\u00e4\u00e4t\u00e4l\u00f6ity loma - Vip Travel. Vip Travel toteuttaa matkaunelmasi! Tarjoamme mm. yksil\u00f6llisi\u00e4 ja laadukkaita Saimaa-risteilyel\u00e4myksi\u00e4.","breadcrumb":{"@id":"https:\/\/viptravel.fi\/en\/raataloity-loma\/#breadcrumb"},"inLanguage":"en-US","potentialAction":[{"@type":"ReadAction","target":["https:\/\/viptravel.fi\/en\/raataloity-loma\/"]}]},{"@type":"ImageObject","inLanguage":"en-US","@id":"https:\/\/viptravel.fi\/en\/raataloity-loma\/#primaryimage","url":"https:\/\/viptravel.fi\/wp-content\/uploads\/2022\/06\/9B1C64C0-ACD4-44FC-AE2B-ECFDADEEB90C.jpeg","contentUrl":"https:\/\/viptravel.fi\/wp-content\/uploads\/2022\/06\/9B1C64C0-ACD4-44FC-AE2B-ECFDADEEB90C.jpeg","width":2048,"height":1365,"caption":"r\u00e4\u00e4t\u00e4l\u00f6ity loma"},{"@type":"BreadcrumbList","@id":"https:\/\/viptravel.fi\/en\/raataloity-loma\/#breadcrumb","itemListElement":[{"@type":"ListItem","position":1,"name":"Etusivu","item":"https:\/\/viptravel.fi\/en\/"},{"@type":"ListItem","position":2,"name":"R\u00e4\u00e4t\u00e4l\u00f6idyt lomat"}]},{"@type":"WebSite","@id":"https:\/\/viptravel.fi\/#website","url":"https:\/\/viptravel.fi\/","name":"VIP Travel","description":"Verkkokauppa","publisher":{"@id":"https:\/\/viptravel.fi\/#organization"},"potentialAction":[{"@type":"SearchAction","target":{"@type":"EntryPoint","urlTemplate":"https:\/\/viptravel.fi\/?s={search_term_string}"},"query-input":{"@type":"PropertyValueSpecification","valueRequired":true,"valueName":"search_term_string"}}],"inLanguage":"en-US"},{"@type":"Organization","@id":"https:\/\/viptravel.fi\/#organization","name":"VIP Travel","url":"https:\/\/viptravel.fi\/","logo":{"@type":"ImageObject","inLanguage":"en-US","@id":"https:\/\/viptravel.fi\/#\/schema\/logo\/image\/","url":"https:\/\/viptravel.fi\/wp-content\/uploads\/2022\/05\/VIP-TRAVEL_logo.png","contentUrl":"https:\/\/viptravel.fi\/wp-content\/uploads\/2022\/05\/VIP-TRAVEL_logo.png","width":300,"height":252,"caption":"VIP Travel"},"image":{"@id":"https:\/\/viptravel.fi\/#\/schema\/logo\/image\/"},"sameAs":["https:\/\/www.facebook.com\/vipcruisesavonlinna\/"]}]}},"meta_box":{"dg_tuotenosto_row":[],"dg_recommended_product_categories_title":"","dg_recommended_product_categories":[],"dg_show_campaigns":"0","dg_select_after_page_contents":[{"image":"1466","title":"Travel packages","clickURL":"https:\/\/viptravel.fi\/tuote-osasto\/ulkomaan-pakettimatkat\/"},{"dg_product_category":"87","image":"1149","title":"International cruises","clickURL":"https:\/\/viptravel.fi\/tuote-osasto\/risteilyt\/risteilyt-maailmalle\/"}],"dg_show_newsletter":"0","dg_alternating_image_text_row_order_1":"","dg_alternating_image_text_grid_group_1":[],"digitaali_top_hero_hide":"0","digitaali_top_overlay_text_hide":"0","digitaali_top_overlay_caption":"","digitaali_carousel_slide_group":[],"digitaali_top_video":[],"digitaali_top_video_poster":[],"digitaali_top_video_mobile":[]},"_links":{"self":[{"href":"https:\/\/viptravel.fi\/en\/wp-json\/wp\/v2\/pages\/7831","targetHints":{"allow":["GET"]}}],"collection":[{"href":"https:\/\/viptravel.fi\/en\/wp-json\/wp\/v2\/pages"}],"about":[{"href":"https:\/\/viptravel.fi\/en\/wp-json\/wp\/v2\/types\/page"}],"author":[{"embeddable":true,"href":"https:\/\/viptravel.fi\/en\/wp-json\/wp\/v2\/users\/2"}],"replies":[{"embeddable":true,"href":"https:\/\/viptravel.fi\/en\/wp-json\/wp\/v2\/comments?post=7831"}],"version-history":[{"count":1,"href":"https:\/\/viptravel.fi\/en\/wp-json\/wp\/v2\/pages\/7831\/revisions"}],"predecessor-version":[{"id":7833,"href":"https:\/\/viptravel.fi\/en\/wp-json\/wp\/v2\/pages\/7831\/revisions\/7833"}],"wp:featuredmedia":[{"embeddable":true,"href":"https:\/\/viptravel.fi\/en\/wp-json\/wp\/v2\/media\/838"}],"wp:attachment":[{"href":"https:\/\/viptravel.fi\/en\/wp-json\/wp\/v2\/media?parent=7831"}],"curies":[{"name":"wp","href":"https:\/\/api.w.org\/{rel}","templated":true}]}}