{"id":7819,"date":"2022-04-19T14:50:41","date_gmt":"2022-04-19T11:50:41","guid":{"rendered":"https:\/\/viptravel.fi\/oma-tili\/"},"modified":"2024-05-28T12:06:34","modified_gmt":"2024-05-28T09:06:34","slug":"your-account","status":"publish","type":"page","link":"https:\/\/viptravel.fi\/en\/your-account\/","title":{"rendered":"Your Account"},"content":{"rendered":"<div class=\"woocommerce\"><\/div>\n","protected":false},"excerpt":{"rendered":"","protected":false},"author":2,"featured_media":0,"parent":0,"menu_order":0,"comment_status":"closed","ping_status":"closed","template":"","meta":{"footnotes":""},"class_list":["post-7819","page","type-page","status-publish","hentry"],"yoast_head":"<!-- This site is optimized with the Yoast SEO plugin v27.3 - https:\/\/yoast.com\/product\/yoast-seo-wordpress\/ -->\n<title>VIP Travel - Saimaan risteilyt ja lomamatkat<\/title>\n<meta name=\"description\" content=\"Vip Travel - Saimaan risteilyt ja lomamatkat. Tarjoamme yksil\u00f6llisi\u00e4 ja laadukkaita Saimaa-risteilyel\u00e4myksi\u00e4 sek\u00e4 r\u00e4\u00e4t\u00e4l\u00f6ityj\u00e4 lomamatkoja.\" \/>\n<meta name=\"robots\" content=\"index, follow, max-snippet:-1, max-image-preview:large, max-video-preview:-1\" \/>\n<link rel=\"canonical\" href=\"https:\/\/viptravel.fi\/en\/your-account\/\" \/>\n<meta property=\"og:locale\" content=\"en_US\" \/>\n<meta property=\"og:type\" content=\"article\" \/>\n<meta property=\"og:title\" content=\"VIP Travel - Saimaan risteilyt ja lomamatkat\" \/>\n<meta property=\"og:description\" content=\"Vip Travel - Saimaan risteilyt ja lomamatkat. Tarjoamme yksil\u00f6llisi\u00e4 ja laadukkaita Saimaa-risteilyel\u00e4myksi\u00e4 sek\u00e4 r\u00e4\u00e4t\u00e4l\u00f6ityj\u00e4 lomamatkoja.\" \/>\n<meta property=\"og:url\" content=\"https:\/\/viptravel.fi\/en\/your-account\/\" \/>\n<meta property=\"og:site_name\" content=\"VIP Travel\" \/>\n<meta property=\"article:publisher\" content=\"https:\/\/www.facebook.com\/vipcruisesavonlinna\/\" \/>\n<meta property=\"article:modified_time\" content=\"2024-05-28T09:06:34+00:00\" \/>\n<meta property=\"og:image\" content=\"https:\/\/viptravel.fi\/wp-content\/uploads\/2022\/11\/vip-travel-og-1.jpg\" \/>\n\t<meta property=\"og:image:width\" content=\"1200\" \/>\n\t<meta property=\"og:image:height\" content=\"675\" \/>\n\t<meta property=\"og:image:type\" content=\"image\/jpeg\" \/>\n<meta name=\"twitter:card\" content=\"summary_large_image\" \/>\n<meta name=\"twitter:label1\" content=\"Est. reading time\" \/>\n\t<meta name=\"twitter:data1\" content=\"1 minute\" \/>\n<script type=\"application\/ld+json\" class=\"yoast-schema-graph\">{\"@context\":\"https:\\\/\\\/schema.org\",\"@graph\":[{\"@type\":\"WebPage\",\"@id\":\"https:\\\/\\\/viptravel.fi\\\/en\\\/your-account\\\/\",\"url\":\"https:\\\/\\\/viptravel.fi\\\/en\\\/your-account\\\/\",\"name\":\"VIP Travel - Saimaan risteilyt ja lomamatkat\",\"isPartOf\":{\"@id\":\"https:\\\/\\\/viptravel.fi\\\/#website\"},\"datePublished\":\"2022-04-19T11:50:41+00:00\",\"dateModified\":\"2024-05-28T09:06:34+00:00\",\"description\":\"Vip Travel - Saimaan risteilyt ja lomamatkat. Tarjoamme yksil\u00f6llisi\u00e4 ja laadukkaita Saimaa-risteilyel\u00e4myksi\u00e4 sek\u00e4 r\u00e4\u00e4t\u00e4l\u00f6ityj\u00e4 lomamatkoja.\",\"breadcrumb\":{\"@id\":\"https:\\\/\\\/viptravel.fi\\\/en\\\/your-account\\\/#breadcrumb\"},\"inLanguage\":\"en-US\",\"potentialAction\":[{\"@type\":\"ReadAction\",\"target\":[\"https:\\\/\\\/viptravel.fi\\\/en\\\/your-account\\\/\"]}]},{\"@type\":\"BreadcrumbList\",\"@id\":\"https:\\\/\\\/viptravel.fi\\\/en\\\/your-account\\\/#breadcrumb\",\"itemListElement\":[{\"@type\":\"ListItem\",\"position\":1,\"name\":\"Etusivu\",\"item\":\"https:\\\/\\\/viptravel.fi\\\/en\\\/\"},{\"@type\":\"ListItem\",\"position\":2,\"name\":\"Your Account\"}]},{\"@type\":\"WebSite\",\"@id\":\"https:\\\/\\\/viptravel.fi\\\/#website\",\"url\":\"https:\\\/\\\/viptravel.fi\\\/\",\"name\":\"VIP Travel\",\"description\":\"Verkkokauppa\",\"publisher\":{\"@id\":\"https:\\\/\\\/viptravel.fi\\\/#organization\"},\"potentialAction\":[{\"@type\":\"SearchAction\",\"target\":{\"@type\":\"EntryPoint\",\"urlTemplate\":\"https:\\\/\\\/viptravel.fi\\\/?s={search_term_string}\"},\"query-input\":{\"@type\":\"PropertyValueSpecification\",\"valueRequired\":true,\"valueName\":\"search_term_string\"}}],\"inLanguage\":\"en-US\"},{\"@type\":\"Organization\",\"@id\":\"https:\\\/\\\/viptravel.fi\\\/#organization\",\"name\":\"VIP Travel\",\"url\":\"https:\\\/\\\/viptravel.fi\\\/\",\"logo\":{\"@type\":\"ImageObject\",\"inLanguage\":\"en-US\",\"@id\":\"https:\\\/\\\/viptravel.fi\\\/#\\\/schema\\\/logo\\\/image\\\/\",\"url\":\"https:\\\/\\\/viptravel.fi\\\/wp-content\\\/uploads\\\/2022\\\/05\\\/VIP-TRAVEL_logo.png\",\"contentUrl\":\"https:\\\/\\\/viptravel.fi\\\/wp-content\\\/uploads\\\/2022\\\/05\\\/VIP-TRAVEL_logo.png\",\"width\":300,\"height\":252,\"caption\":\"VIP Travel\"},\"image\":{\"@id\":\"https:\\\/\\\/viptravel.fi\\\/#\\\/schema\\\/logo\\\/image\\\/\"},\"sameAs\":[\"https:\\\/\\\/www.facebook.com\\\/vipcruisesavonlinna\\\/\"]}]}<\/script>\n<!-- \/ Yoast SEO plugin. -->","yoast_head_json":{"title":"VIP Travel - Saimaan risteilyt ja lomamatkat","description":"Vip Travel - Saimaan risteilyt ja lomamatkat. Tarjoamme yksil\u00f6llisi\u00e4 ja laadukkaita Saimaa-risteilyel\u00e4myksi\u00e4 sek\u00e4 r\u00e4\u00e4t\u00e4l\u00f6ityj\u00e4 lomamatkoja.","robots":{"index":"index","follow":"follow","max-snippet":"max-snippet:-1","max-image-preview":"max-image-preview:large","max-video-preview":"max-video-preview:-1"},"canonical":"https:\/\/viptravel.fi\/en\/your-account\/","og_locale":"en_US","og_type":"article","og_title":"VIP Travel - Saimaan risteilyt ja lomamatkat","og_description":"Vip Travel - Saimaan risteilyt ja lomamatkat. Tarjoamme yksil\u00f6llisi\u00e4 ja laadukkaita Saimaa-risteilyel\u00e4myksi\u00e4 sek\u00e4 r\u00e4\u00e4t\u00e4l\u00f6ityj\u00e4 lomamatkoja.","og_url":"https:\/\/viptravel.fi\/en\/your-account\/","og_site_name":"VIP Travel","article_publisher":"https:\/\/www.facebook.com\/vipcruisesavonlinna\/","article_modified_time":"2024-05-28T09:06:34+00:00","og_image":[{"width":1200,"height":675,"url":"https:\/\/viptravel.fi\/wp-content\/uploads\/2022\/11\/vip-travel-og-1.jpg","type":"image\/jpeg"}],"twitter_card":"summary_large_image","twitter_misc":{"Est. reading time":"1 minute"},"schema":{"@context":"https:\/\/schema.org","@graph":[{"@type":"WebPage","@id":"https:\/\/viptravel.fi\/en\/your-account\/","url":"https:\/\/viptravel.fi\/en\/your-account\/","name":"VIP Travel - Saimaan risteilyt ja lomamatkat","isPartOf":{"@id":"https:\/\/viptravel.fi\/#website"},"datePublished":"2022-04-19T11:50:41+00:00","dateModified":"2024-05-28T09:06:34+00:00","description":"Vip Travel - Saimaan risteilyt ja lomamatkat. Tarjoamme yksil\u00f6llisi\u00e4 ja laadukkaita Saimaa-risteilyel\u00e4myksi\u00e4 sek\u00e4 r\u00e4\u00e4t\u00e4l\u00f6ityj\u00e4 lomamatkoja.","breadcrumb":{"@id":"https:\/\/viptravel.fi\/en\/your-account\/#breadcrumb"},"inLanguage":"en-US","potentialAction":[{"@type":"ReadAction","target":["https:\/\/viptravel.fi\/en\/your-account\/"]}]},{"@type":"BreadcrumbList","@id":"https:\/\/viptravel.fi\/en\/your-account\/#breadcrumb","itemListElement":[{"@type":"ListItem","position":1,"name":"Etusivu","item":"https:\/\/viptravel.fi\/en\/"},{"@type":"ListItem","position":2,"name":"Your Account"}]},{"@type":"WebSite","@id":"https:\/\/viptravel.fi\/#website","url":"https:\/\/viptravel.fi\/","name":"VIP Travel","description":"Verkkokauppa","publisher":{"@id":"https:\/\/viptravel.fi\/#organization"},"potentialAction":[{"@type":"SearchAction","target":{"@type":"EntryPoint","urlTemplate":"https:\/\/viptravel.fi\/?s={search_term_string}"},"query-input":{"@type":"PropertyValueSpecification","valueRequired":true,"valueName":"search_term_string"}}],"inLanguage":"en-US"},{"@type":"Organization","@id":"https:\/\/viptravel.fi\/#organization","name":"VIP Travel","url":"https:\/\/viptravel.fi\/","logo":{"@type":"ImageObject","inLanguage":"en-US","@id":"https:\/\/viptravel.fi\/#\/schema\/logo\/image\/","url":"https:\/\/viptravel.fi\/wp-content\/uploads\/2022\/05\/VIP-TRAVEL_logo.png","contentUrl":"https:\/\/viptravel.fi\/wp-content\/uploads\/2022\/05\/VIP-TRAVEL_logo.png","width":300,"height":252,"caption":"VIP Travel"},"image":{"@id":"https:\/\/viptravel.fi\/#\/schema\/logo\/image\/"},"sameAs":["https:\/\/www.facebook.com\/vipcruisesavonlinna\/"]}]}},"meta_box":{"dg_tuotenosto_row":[],"dg_recommended_product_categories_title":"","dg_recommended_product_categories":[],"dg_show_campaigns":"0","dg_select_after_page_contents":[],"dg_show_newsletter":"0","dg_alternating_image_text_row_order_1":"","dg_alternating_image_text_grid_group_1":[],"digitaali_top_hero_hide":"0","digitaali_top_overlay_text_hide":"0","digitaali_top_overlay_caption":"","digitaali_carousel_slide_group":[],"digitaali_top_video":[],"digitaali_top_video_poster":[],"digitaali_top_video_mobile":[]},"_links":{"self":[{"href":"https:\/\/viptravel.fi\/en\/wp-json\/wp\/v2\/pages\/7819","targetHints":{"allow":["GET"]}}],"collection":[{"href":"https:\/\/viptravel.fi\/en\/wp-json\/wp\/v2\/pages"}],"about":[{"href":"https:\/\/viptravel.fi\/en\/wp-json\/wp\/v2\/types\/page"}],"author":[{"embeddable":true,"href":"https:\/\/viptravel.fi\/en\/wp-json\/wp\/v2\/users\/2"}],"replies":[{"embeddable":true,"href":"https:\/\/viptravel.fi\/en\/wp-json\/wp\/v2\/comments?post=7819"}],"version-history":[{"count":2,"href":"https:\/\/viptravel.fi\/en\/wp-json\/wp\/v2\/pages\/7819\/revisions"}],"predecessor-version":[{"id":7821,"href":"https:\/\/viptravel.fi\/en\/wp-json\/wp\/v2\/pages\/7819\/revisions\/7821"}],"wp:attachment":[{"href":"https:\/\/viptravel.fi\/en\/wp-json\/wp\/v2\/media?parent=7819"}],"curies":[{"name":"wp","href":"https:\/\/api.w.org\/{rel}","templated":true}]}}