{"id":7583,"date":"2022-04-19T11:24:58","date_gmt":"2022-04-19T08:24:58","guid":{"rendered":"https:\/\/viptravel.fi\/vip-travel-club\/"},"modified":"2024-04-23T12:35:35","modified_gmt":"2024-04-23T09:35:35","slug":"vip-travel-club","status":"publish","type":"page","link":"https:\/\/viptravel.fi\/en\/vip-travel-club\/","title":{"rendered":"VIP Travel Club"},"content":{"rendered":"<h2 style=\"text-align: center;\"><strong>Vip Travel Club &#8211; Join Us and Enjoy Benefits!<\/strong><\/h2>\n<p>By joining our club, you&#8217;ll receive information about our offers, new products, and events. You&#8217;ll also get access to discounts, tips on budget-friendly clearance items, gift ideas, and more. Don&#8217;t miss out on exclusive deals and perks &#8211; join the Vip Travel Club today!<\/p>\n<noscript class=\"ninja-forms-noscript-message\">\n\tNotice: JavaScript is required for this content.<\/noscript>\n<div id=\"nf-form-3-cont\" class=\"nf-form-cont\" aria-live=\"polite\" aria-labelledby=\"nf-form-title-3\" aria-describedby=\"nf-form-errors-3\" role=\"form\">\n\n    <div class=\"nf-loading-spinner\"><\/div>\n\n<\/div>\n        <!-- That data is being printed as a workaround to page builders reordering the order of the scripts loaded-->\n        <script>var formDisplay=1;var nfForms=nfForms||[];var form=[];form.id='3';form.settings={\"objectType\":\"Form Setting\",\"editActive\":true,\"title\":\"Liity VIP travel klubiin\",\"show_title\":0,\"allow_public_link\":0,\"embed_form\":\"\",\"clear_complete\":1,\"hide_complete\":0,\"default_label_pos\":\"above\",\"wrapper_class\":\"\",\"element_class\":\"\",\"key\":\"\",\"add_submit\":1,\"currency\":\"\",\"unique_field_error\":\"A form with this value has already been submitted.\",\"logged_in\":false,\"not_logged_in_msg\":\"\",\"sub_limit_msg\":\"The form has reached its submission limit.\",\"calculations\":[],\"formContentData\":[\"sahkopostiosoite_1668528730514\",\"hyvaksyn_tietojen_kasittelyn_lisatietoja_less_than_a_href_tietosuojaseloste_target_blank_greater_than_tietosuojaselosteessa_less_than_a_greater_than_1668530398060\",\"liity_vip_travel_klubiin_1668530284531\"],\"changeEmailErrorMsg\":\"Please enter a valid email address!\",\"changeDateErrorMsg\":\"Please enter a valid date!\",\"confirmFieldErrorMsg\":\"These fields must match!\",\"fieldNumberNumMinError\":\"Number Min Error\",\"fieldNumberNumMaxError\":\"Number Max Error\",\"fieldNumberIncrementBy\":\"Please increment by \",\"formErrorsCorrectErrors\":\"Please correct errors before submitting this form.\",\"validateRequiredField\":\"This is a required field.\",\"honeypotHoneypotError\":\"Honeypot Error\",\"fieldsMarkedRequired\":\"Fields marked with an <span class=\\\"ninja-forms-req-symbol\\\">*<\\\/span> are required\",\"drawerDisabled\":false,\"form_title_heading_level\":\"3\",\"ninjaForms\":\"Ninja Forms\",\"fieldTextareaRTEInsertLink\":\"Insert Link\",\"fieldTextareaRTEInsertMedia\":\"Insert Media\",\"fieldTextareaRTESelectAFile\":\"Select a file\",\"formHoneypot\":\"If you are a human seeing this field, please leave it empty.\",\"fileUploadOldCodeFileUploadInProgress\":\"File Upload in Progress.\",\"fileUploadOldCodeFileUpload\":\"FILE UPLOAD\",\"currencySymbol\":\"&#36;\",\"thousands_sep\":\",\",\"decimal_point\":\".\",\"siteLocale\":\"en_US\",\"dateFormat\":\"m\\\/d\\\/Y\",\"startOfWeek\":\"1\",\"of\":\"of\",\"previousMonth\":\"Previous Month\",\"nextMonth\":\"Next Month\",\"months\":[\"January\",\"February\",\"March\",\"April\",\"May\",\"June\",\"July\",\"August\",\"September\",\"October\",\"November\",\"December\"],\"monthsShort\":[\"Jan\",\"Feb\",\"Mar\",\"Apr\",\"May\",\"Jun\",\"Jul\",\"Aug\",\"Sep\",\"Oct\",\"Nov\",\"Dec\"],\"weekdays\":[\"Sunday\",\"Monday\",\"Tuesday\",\"Wednesday\",\"Thursday\",\"Friday\",\"Saturday\"],\"weekdaysShort\":[\"Sun\",\"Mon\",\"Tue\",\"Wed\",\"Thu\",\"Fri\",\"Sat\"],\"weekdaysMin\":[\"Su\",\"Mo\",\"Tu\",\"We\",\"Th\",\"Fr\",\"Sa\"],\"recaptchaConsentMissing\":\"reCaptcha validation couldn&#039;t load.\",\"recaptchaMissingCookie\":\"reCaptcha v3 validation couldn&#039;t load the cookie needed to submit the form.\",\"recaptchaConsentEvent\":\"Accept reCaptcha cookies before sending the form.\",\"currency_symbol\":\"\",\"beforeForm\":\"\",\"beforeFields\":\"\",\"afterFields\":\"\",\"afterForm\":\"\"};form.fields=[{\"objectType\":\"Field\",\"objectDomain\":\"fields\",\"editActive\":false,\"order\":1,\"idAttribute\":\"id\",\"label\":\"S\\u00e4hk\\u00f6postiosoite\",\"type\":\"email\",\"key\":\"sahkopostiosoite_1668528730514\",\"label_pos\":\"above\",\"required\":1,\"default\":\"\",\"placeholder\":\"\",\"container_class\":\"\",\"element_class\":\"\",\"admin_label\":\"\",\"help_text\":\"\",\"custom_name_attribute\":\"email\",\"personally_identifiable\":1,\"value\":\"\",\"drawerDisabled\":false,\"id\":62,\"beforeField\":\"\",\"afterField\":\"\",\"parentType\":\"email\",\"element_templates\":[\"email\",\"input\"],\"old_classname\":\"\",\"wrap_template\":\"wrap\"},{\"objectType\":\"Field\",\"objectDomain\":\"fields\",\"editActive\":false,\"order\":2,\"idAttribute\":\"id\",\"label\":\"Hyv\\u00e4ksyn tietojen k\\u00e4sittelyn. Lis\\u00e4tietoja <a href=\\\"\\\/tietosuojaseloste\\\" target=\\\"_blank\\\">tietosuojaselosteessa<\\\/a>\",\"type\":\"checkbox\",\"key\":\"hyvaksyn_tietojen_kasittelyn_lisatietoja_less_than_a_href_tietosuojaseloste_target_blank_greater_than_tietosuojaselosteessa_less_than_a_greater_than_1668530398060\",\"label_pos\":\"right\",\"required\":1,\"container_class\":\"\",\"element_class\":\"\",\"manual_key\":false,\"admin_label\":\"\",\"help_text\":\"\",\"default_value\":\"unchecked\",\"checked_value\":\"Kyll\\u00e4\",\"unchecked_value\":\"Ei\",\"checked_calc_value\":\"\",\"unchecked_calc_value\":\"\",\"drawerDisabled\":false,\"id\":63,\"beforeField\":\"\",\"afterField\":\"\",\"value\":\"\",\"parentType\":\"checkbox\",\"element_templates\":[\"checkbox\",\"input\"],\"old_classname\":\"\",\"wrap_template\":\"wrap\"},{\"objectType\":\"Field\",\"objectDomain\":\"fields\",\"editActive\":false,\"order\":9999,\"idAttribute\":\"id\",\"type\":\"submit\",\"label\":\"Liity VIP travel klubiin\",\"processing_label\":\"L\\u00e4hetet\\u00e4\\u00e4n\",\"container_class\":\"\",\"element_class\":\"\",\"key\":\"liity_vip_travel_klubiin_1668530284531\",\"drawerDisabled\":false,\"id\":64,\"beforeField\":\"\",\"afterField\":\"\",\"value\":\"\",\"label_pos\":\"above\",\"parentType\":\"textbox\",\"element_templates\":[\"submit\",\"button\",\"input\"],\"old_classname\":\"\",\"wrap_template\":\"wrap-no-label\"}];nfForms.push(form);<\/script>\n        \n","protected":false},"excerpt":{"rendered":"<p>Vip Travel Club &#8211; Join Us and Enjoy Benefits! By joining our club, you&#8217;ll receive information about our offers, new products, and events&#8230;.<\/p>\n","protected":false},"author":2,"featured_media":886,"parent":0,"menu_order":0,"comment_status":"closed","ping_status":"closed","template":"","meta":{"footnotes":""},"class_list":["post-7583","page","type-page","status-publish","has-post-thumbnail","hentry"],"yoast_head":"<!-- This site is optimized with the Yoast SEO plugin v27.4 - https:\/\/yoast.com\/product\/yoast-seo-wordpress\/ -->\n<title>VIP Travel Club - VIP Travel<\/title>\n<meta name=\"description\" content=\"VIP Travel Club - Liity mukaan! Klubilaisille l\u00e4hetet\u00e4\u00e4n tietoa mm. tarjouksistamme, uusista tuotteista ja tapahtumista.\" \/>\n<meta name=\"robots\" content=\"index, follow, max-snippet:-1, max-image-preview:large, max-video-preview:-1\" \/>\n<link rel=\"canonical\" href=\"https:\/\/viptravel.fi\/en\/vip-travel-club\/\" \/>\n<meta property=\"og:locale\" content=\"en_US\" \/>\n<meta property=\"og:type\" content=\"article\" \/>\n<meta property=\"og:title\" content=\"VIP Travel Club - VIP Travel\" \/>\n<meta property=\"og:description\" content=\"VIP Travel Club - Liity mukaan! Klubilaisille l\u00e4hetet\u00e4\u00e4n tietoa mm. tarjouksistamme, uusista tuotteista ja tapahtumista.\" \/>\n<meta property=\"og:url\" content=\"https:\/\/viptravel.fi\/en\/vip-travel-club\/\" \/>\n<meta property=\"og:site_name\" content=\"VIP Travel\" \/>\n<meta property=\"article:publisher\" content=\"https:\/\/www.facebook.com\/vipcruisesavonlinna\/\" \/>\n<meta property=\"article:modified_time\" content=\"2024-04-23T09:35:35+00:00\" \/>\n<meta property=\"og:image\" content=\"https:\/\/viptravel.fi\/wp-content\/uploads\/2022\/06\/35A01374-AD65-48EF-8907-DF10AB60EE72.jpeg\" \/>\n\t<meta property=\"og:image:width\" content=\"2048\" \/>\n\t<meta property=\"og:image:height\" content=\"1366\" \/>\n\t<meta property=\"og:image:type\" content=\"image\/jpeg\" \/>\n<meta name=\"twitter:card\" content=\"summary_large_image\" \/>\n<meta name=\"twitter:label1\" content=\"Est. reading time\" \/>\n\t<meta name=\"twitter:data1\" content=\"1 minute\" \/>\n<script type=\"application\/ld+json\" class=\"yoast-schema-graph\">{\"@context\":\"https:\\\/\\\/schema.org\",\"@graph\":[{\"@type\":\"WebPage\",\"@id\":\"https:\\\/\\\/viptravel.fi\\\/en\\\/vip-travel-club\\\/\",\"url\":\"https:\\\/\\\/viptravel.fi\\\/en\\\/vip-travel-club\\\/\",\"name\":\"VIP Travel Club - VIP Travel\",\"isPartOf\":{\"@id\":\"https:\\\/\\\/viptravel.fi\\\/#website\"},\"primaryImageOfPage\":{\"@id\":\"https:\\\/\\\/viptravel.fi\\\/en\\\/vip-travel-club\\\/#primaryimage\"},\"image\":{\"@id\":\"https:\\\/\\\/viptravel.fi\\\/en\\\/vip-travel-club\\\/#primaryimage\"},\"thumbnailUrl\":\"https:\\\/\\\/viptravel.fi\\\/wp-content\\\/uploads\\\/2022\\\/06\\\/35A01374-AD65-48EF-8907-DF10AB60EE72.jpeg\",\"datePublished\":\"2022-04-19T08:24:58+00:00\",\"dateModified\":\"2024-04-23T09:35:35+00:00\",\"description\":\"VIP Travel Club - Liity mukaan! Klubilaisille l\u00e4hetet\u00e4\u00e4n tietoa mm. tarjouksistamme, uusista tuotteista ja tapahtumista.\",\"breadcrumb\":{\"@id\":\"https:\\\/\\\/viptravel.fi\\\/en\\\/vip-travel-club\\\/#breadcrumb\"},\"inLanguage\":\"en-US\",\"potentialAction\":[{\"@type\":\"ReadAction\",\"target\":[\"https:\\\/\\\/viptravel.fi\\\/en\\\/vip-travel-club\\\/\"]}]},{\"@type\":\"ImageObject\",\"inLanguage\":\"en-US\",\"@id\":\"https:\\\/\\\/viptravel.fi\\\/en\\\/vip-travel-club\\\/#primaryimage\",\"url\":\"https:\\\/\\\/viptravel.fi\\\/wp-content\\\/uploads\\\/2022\\\/06\\\/35A01374-AD65-48EF-8907-DF10AB60EE72.jpeg\",\"contentUrl\":\"https:\\\/\\\/viptravel.fi\\\/wp-content\\\/uploads\\\/2022\\\/06\\\/35A01374-AD65-48EF-8907-DF10AB60EE72.jpeg\",\"width\":2048,\"height\":1366},{\"@type\":\"BreadcrumbList\",\"@id\":\"https:\\\/\\\/viptravel.fi\\\/en\\\/vip-travel-club\\\/#breadcrumb\",\"itemListElement\":[{\"@type\":\"ListItem\",\"position\":1,\"name\":\"Etusivu\",\"item\":\"https:\\\/\\\/viptravel.fi\\\/en\\\/\"},{\"@type\":\"ListItem\",\"position\":2,\"name\":\"VIP Travel Club\"}]},{\"@type\":\"WebSite\",\"@id\":\"https:\\\/\\\/viptravel.fi\\\/#website\",\"url\":\"https:\\\/\\\/viptravel.fi\\\/\",\"name\":\"VIP Travel\",\"description\":\"Verkkokauppa\",\"publisher\":{\"@id\":\"https:\\\/\\\/viptravel.fi\\\/#organization\"},\"potentialAction\":[{\"@type\":\"SearchAction\",\"target\":{\"@type\":\"EntryPoint\",\"urlTemplate\":\"https:\\\/\\\/viptravel.fi\\\/?s={search_term_string}\"},\"query-input\":{\"@type\":\"PropertyValueSpecification\",\"valueRequired\":true,\"valueName\":\"search_term_string\"}}],\"inLanguage\":\"en-US\"},{\"@type\":\"Organization\",\"@id\":\"https:\\\/\\\/viptravel.fi\\\/#organization\",\"name\":\"VIP Travel\",\"url\":\"https:\\\/\\\/viptravel.fi\\\/\",\"logo\":{\"@type\":\"ImageObject\",\"inLanguage\":\"en-US\",\"@id\":\"https:\\\/\\\/viptravel.fi\\\/#\\\/schema\\\/logo\\\/image\\\/\",\"url\":\"https:\\\/\\\/viptravel.fi\\\/wp-content\\\/uploads\\\/2022\\\/05\\\/VIP-TRAVEL_logo.png\",\"contentUrl\":\"https:\\\/\\\/viptravel.fi\\\/wp-content\\\/uploads\\\/2022\\\/05\\\/VIP-TRAVEL_logo.png\",\"width\":300,\"height\":252,\"caption\":\"VIP Travel\"},\"image\":{\"@id\":\"https:\\\/\\\/viptravel.fi\\\/#\\\/schema\\\/logo\\\/image\\\/\"},\"sameAs\":[\"https:\\\/\\\/www.facebook.com\\\/vipcruisesavonlinna\\\/\"]}]}<\/script>\n<!-- \/ Yoast SEO plugin. -->","yoast_head_json":{"title":"VIP Travel Club - VIP Travel","description":"VIP Travel Club - Liity mukaan! Klubilaisille l\u00e4hetet\u00e4\u00e4n tietoa mm. tarjouksistamme, uusista tuotteista ja tapahtumista.","robots":{"index":"index","follow":"follow","max-snippet":"max-snippet:-1","max-image-preview":"max-image-preview:large","max-video-preview":"max-video-preview:-1"},"canonical":"https:\/\/viptravel.fi\/en\/vip-travel-club\/","og_locale":"en_US","og_type":"article","og_title":"VIP Travel Club - VIP Travel","og_description":"VIP Travel Club - Liity mukaan! Klubilaisille l\u00e4hetet\u00e4\u00e4n tietoa mm. tarjouksistamme, uusista tuotteista ja tapahtumista.","og_url":"https:\/\/viptravel.fi\/en\/vip-travel-club\/","og_site_name":"VIP Travel","article_publisher":"https:\/\/www.facebook.com\/vipcruisesavonlinna\/","article_modified_time":"2024-04-23T09:35:35+00:00","og_image":[{"width":2048,"height":1366,"url":"https:\/\/viptravel.fi\/wp-content\/uploads\/2022\/06\/35A01374-AD65-48EF-8907-DF10AB60EE72.jpeg","type":"image\/jpeg"}],"twitter_card":"summary_large_image","twitter_misc":{"Est. reading time":"1 minute"},"schema":{"@context":"https:\/\/schema.org","@graph":[{"@type":"WebPage","@id":"https:\/\/viptravel.fi\/en\/vip-travel-club\/","url":"https:\/\/viptravel.fi\/en\/vip-travel-club\/","name":"VIP Travel Club - VIP Travel","isPartOf":{"@id":"https:\/\/viptravel.fi\/#website"},"primaryImageOfPage":{"@id":"https:\/\/viptravel.fi\/en\/vip-travel-club\/#primaryimage"},"image":{"@id":"https:\/\/viptravel.fi\/en\/vip-travel-club\/#primaryimage"},"thumbnailUrl":"https:\/\/viptravel.fi\/wp-content\/uploads\/2022\/06\/35A01374-AD65-48EF-8907-DF10AB60EE72.jpeg","datePublished":"2022-04-19T08:24:58+00:00","dateModified":"2024-04-23T09:35:35+00:00","description":"VIP Travel Club - Liity mukaan! Klubilaisille l\u00e4hetet\u00e4\u00e4n tietoa mm. tarjouksistamme, uusista tuotteista ja tapahtumista.","breadcrumb":{"@id":"https:\/\/viptravel.fi\/en\/vip-travel-club\/#breadcrumb"},"inLanguage":"en-US","potentialAction":[{"@type":"ReadAction","target":["https:\/\/viptravel.fi\/en\/vip-travel-club\/"]}]},{"@type":"ImageObject","inLanguage":"en-US","@id":"https:\/\/viptravel.fi\/en\/vip-travel-club\/#primaryimage","url":"https:\/\/viptravel.fi\/wp-content\/uploads\/2022\/06\/35A01374-AD65-48EF-8907-DF10AB60EE72.jpeg","contentUrl":"https:\/\/viptravel.fi\/wp-content\/uploads\/2022\/06\/35A01374-AD65-48EF-8907-DF10AB60EE72.jpeg","width":2048,"height":1366},{"@type":"BreadcrumbList","@id":"https:\/\/viptravel.fi\/en\/vip-travel-club\/#breadcrumb","itemListElement":[{"@type":"ListItem","position":1,"name":"Etusivu","item":"https:\/\/viptravel.fi\/en\/"},{"@type":"ListItem","position":2,"name":"VIP Travel Club"}]},{"@type":"WebSite","@id":"https:\/\/viptravel.fi\/#website","url":"https:\/\/viptravel.fi\/","name":"VIP Travel","description":"Verkkokauppa","publisher":{"@id":"https:\/\/viptravel.fi\/#organization"},"potentialAction":[{"@type":"SearchAction","target":{"@type":"EntryPoint","urlTemplate":"https:\/\/viptravel.fi\/?s={search_term_string}"},"query-input":{"@type":"PropertyValueSpecification","valueRequired":true,"valueName":"search_term_string"}}],"inLanguage":"en-US"},{"@type":"Organization","@id":"https:\/\/viptravel.fi\/#organization","name":"VIP Travel","url":"https:\/\/viptravel.fi\/","logo":{"@type":"ImageObject","inLanguage":"en-US","@id":"https:\/\/viptravel.fi\/#\/schema\/logo\/image\/","url":"https:\/\/viptravel.fi\/wp-content\/uploads\/2022\/05\/VIP-TRAVEL_logo.png","contentUrl":"https:\/\/viptravel.fi\/wp-content\/uploads\/2022\/05\/VIP-TRAVEL_logo.png","width":300,"height":252,"caption":"VIP Travel"},"image":{"@id":"https:\/\/viptravel.fi\/#\/schema\/logo\/image\/"},"sameAs":["https:\/\/www.facebook.com\/vipcruisesavonlinna\/"]}]}},"meta_box":{"dg_tuotenosto_row":[],"dg_recommended_product_categories_title":"","dg_recommended_product_categories":[],"dg_show_campaigns":"0","dg_select_after_page_contents":[],"dg_show_newsletter":"0","dg_alternating_image_text_row_order_1":"","dg_alternating_image_text_grid_group_1":[],"digitaali_top_hero_hide":"0","digitaali_top_overlay_text_hide":"0","digitaali_top_overlay_caption":"","digitaali_carousel_slide_group":[],"digitaali_top_video":[],"digitaali_top_video_poster":[],"digitaali_top_video_mobile":[]},"_links":{"self":[{"href":"https:\/\/viptravel.fi\/en\/wp-json\/wp\/v2\/pages\/7583","targetHints":{"allow":["GET"]}}],"collection":[{"href":"https:\/\/viptravel.fi\/en\/wp-json\/wp\/v2\/pages"}],"about":[{"href":"https:\/\/viptravel.fi\/en\/wp-json\/wp\/v2\/types\/page"}],"author":[{"embeddable":true,"href":"https:\/\/viptravel.fi\/en\/wp-json\/wp\/v2\/users\/2"}],"replies":[{"embeddable":true,"href":"https:\/\/viptravel.fi\/en\/wp-json\/wp\/v2\/comments?post=7583"}],"version-history":[{"count":1,"href":"https:\/\/viptravel.fi\/en\/wp-json\/wp\/v2\/pages\/7583\/revisions"}],"predecessor-version":[{"id":7584,"href":"https:\/\/viptravel.fi\/en\/wp-json\/wp\/v2\/pages\/7583\/revisions\/7584"}],"wp:featuredmedia":[{"embeddable":true,"href":"https:\/\/viptravel.fi\/en\/wp-json\/wp\/v2\/media\/886"}],"wp:attachment":[{"href":"https:\/\/viptravel.fi\/en\/wp-json\/wp\/v2\/media?parent=7583"}],"curies":[{"name":"wp","href":"https:\/\/api.w.org\/{rel}","templated":true}]}}