{"id":7579,"date":"2022-04-20T10:06:37","date_gmt":"2022-04-20T07:06:37","guid":{"rendered":"https:\/\/viptravel.fi\/yhteystiedot\/"},"modified":"2024-04-23T12:08:37","modified_gmt":"2024-04-23T09:08:37","slug":"contact-us","status":"publish","type":"page","link":"https:\/\/viptravel.fi\/en\/contact-us\/","title":{"rendered":"Contact Us"},"content":{"rendered":"<h2>Contact Information &#8211; VIP Travel<\/h2>\n<p>Are you planning a trip? Welcome to our office!<br \/>\nWe offer all the travel agency services you need.<\/p>\n<p><strong>Office Hours:<\/strong><br \/>\nMon-Fri: 10am &#8211; 3pm<br \/>\nBy phone: Mon-Fri: 8am &#8211; 4pm<\/p>\n<p><strong>Phone:<\/strong> 0600 392020 (\u20ac1.25\/call + \u20ac0.48\/min)<\/p>\n<p><strong>Address:<\/strong><br \/>\nSatamakatu 9<br \/>\n57130 Savonlinna<\/p>\n<p><strong>Phone:<\/strong>\u00a00600 392020 (\u20ac1.25\/call + \u20ac0.48\/min)<br \/>\n<strong>Email:<\/strong> heli.kotro@viptravel.fi<\/p>\n<p><strong>Business ID:<\/strong> 2727146-8<\/p>\n<p><strong>Social Media:<\/strong><br \/>\n&#8211; <a href=\"https:\/\/www.facebook.com\/viptravel\">Facebook<\/a><br \/>\n&#8211; <a href=\"https:\/\/www.instagram.com\/viptravel\/\">Instagram<\/a><br \/>\n&#8211; <a href=\"https:\/\/www.linkedin.com\/company\/viptravel\">LinkedIn<\/a><\/p>\n<p>Feel free to contact us and let&#8217;s plan your dream trip together!<\/p>\n<div dir=\"ltr\" style=\"text-align: center;\"><\/div>\n","protected":false},"excerpt":{"rendered":"<p>Contact Information &#8211; VIP Travel Are you planning a trip? Welcome to our office! We offer all the travel agency services you need&#8230;.<\/p>\n","protected":false},"author":2,"featured_media":0,"parent":0,"menu_order":0,"comment_status":"closed","ping_status":"closed","template":"","meta":{"footnotes":""},"class_list":["post-7579","page","type-page","status-publish","hentry"],"yoast_head":"<!-- This site is optimized with the Yoast SEO plugin v27.3 - https:\/\/yoast.com\/product\/yoast-seo-wordpress\/ -->\n<title>Contact Us - VIP Travel<\/title>\n<meta name=\"description\" content=\"Yhteystiedot - VIP Travel. Tarjoamme yksil\u00f6llisi\u00e4 ja laadukkaita Saimaan risteilyit\u00e4 sek\u00e4 r\u00e4\u00e4t\u00e4l\u00f6ityj\u00e4 lomamatkoja.\" \/>\n<meta name=\"robots\" content=\"index, follow, max-snippet:-1, max-image-preview:large, max-video-preview:-1\" \/>\n<link rel=\"canonical\" href=\"https:\/\/viptravel.fi\/en\/contact-us\/\" \/>\n<meta property=\"og:locale\" content=\"en_US\" \/>\n<meta property=\"og:type\" content=\"article\" \/>\n<meta property=\"og:title\" content=\"Contact Us - VIP Travel\" \/>\n<meta property=\"og:description\" content=\"Yhteystiedot - VIP Travel. Tarjoamme yksil\u00f6llisi\u00e4 ja laadukkaita Saimaan risteilyit\u00e4 sek\u00e4 r\u00e4\u00e4t\u00e4l\u00f6ityj\u00e4 lomamatkoja.\" \/>\n<meta property=\"og:url\" content=\"https:\/\/viptravel.fi\/en\/contact-us\/\" \/>\n<meta property=\"og:site_name\" content=\"VIP Travel\" \/>\n<meta property=\"article:publisher\" content=\"https:\/\/www.facebook.com\/vipcruisesavonlinna\/\" \/>\n<meta property=\"article:modified_time\" content=\"2024-04-23T09:08:37+00:00\" \/>\n<meta property=\"og:image\" content=\"https:\/\/viptravel.fi\/wp-content\/uploads\/2022\/11\/vip-travel-og-1.jpg\" \/>\n\t<meta property=\"og:image:width\" content=\"1200\" \/>\n\t<meta property=\"og:image:height\" content=\"675\" \/>\n\t<meta property=\"og:image:type\" content=\"image\/jpeg\" \/>\n<meta name=\"twitter:card\" content=\"summary_large_image\" \/>\n<meta name=\"twitter:label1\" content=\"Est. reading time\" \/>\n\t<meta name=\"twitter:data1\" content=\"1 minute\" \/>\n<script type=\"application\/ld+json\" class=\"yoast-schema-graph\">{\"@context\":\"https:\\\/\\\/schema.org\",\"@graph\":[{\"@type\":\"WebPage\",\"@id\":\"https:\\\/\\\/viptravel.fi\\\/en\\\/contact-us\\\/\",\"url\":\"https:\\\/\\\/viptravel.fi\\\/en\\\/contact-us\\\/\",\"name\":\"Contact Us - VIP Travel\",\"isPartOf\":{\"@id\":\"https:\\\/\\\/viptravel.fi\\\/#website\"},\"datePublished\":\"2022-04-20T07:06:37+00:00\",\"dateModified\":\"2024-04-23T09:08:37+00:00\",\"description\":\"Yhteystiedot - VIP Travel. Tarjoamme yksil\u00f6llisi\u00e4 ja laadukkaita Saimaan risteilyit\u00e4 sek\u00e4 r\u00e4\u00e4t\u00e4l\u00f6ityj\u00e4 lomamatkoja.\",\"breadcrumb\":{\"@id\":\"https:\\\/\\\/viptravel.fi\\\/en\\\/contact-us\\\/#breadcrumb\"},\"inLanguage\":\"en-US\",\"potentialAction\":[{\"@type\":\"ReadAction\",\"target\":[\"https:\\\/\\\/viptravel.fi\\\/en\\\/contact-us\\\/\"]}]},{\"@type\":\"BreadcrumbList\",\"@id\":\"https:\\\/\\\/viptravel.fi\\\/en\\\/contact-us\\\/#breadcrumb\",\"itemListElement\":[{\"@type\":\"ListItem\",\"position\":1,\"name\":\"Etusivu\",\"item\":\"https:\\\/\\\/viptravel.fi\\\/en\\\/\"},{\"@type\":\"ListItem\",\"position\":2,\"name\":\"Contact Us\"}]},{\"@type\":\"WebSite\",\"@id\":\"https:\\\/\\\/viptravel.fi\\\/#website\",\"url\":\"https:\\\/\\\/viptravel.fi\\\/\",\"name\":\"VIP Travel\",\"description\":\"Verkkokauppa\",\"publisher\":{\"@id\":\"https:\\\/\\\/viptravel.fi\\\/#organization\"},\"potentialAction\":[{\"@type\":\"SearchAction\",\"target\":{\"@type\":\"EntryPoint\",\"urlTemplate\":\"https:\\\/\\\/viptravel.fi\\\/?s={search_term_string}\"},\"query-input\":{\"@type\":\"PropertyValueSpecification\",\"valueRequired\":true,\"valueName\":\"search_term_string\"}}],\"inLanguage\":\"en-US\"},{\"@type\":\"Organization\",\"@id\":\"https:\\\/\\\/viptravel.fi\\\/#organization\",\"name\":\"VIP Travel\",\"url\":\"https:\\\/\\\/viptravel.fi\\\/\",\"logo\":{\"@type\":\"ImageObject\",\"inLanguage\":\"en-US\",\"@id\":\"https:\\\/\\\/viptravel.fi\\\/#\\\/schema\\\/logo\\\/image\\\/\",\"url\":\"https:\\\/\\\/viptravel.fi\\\/wp-content\\\/uploads\\\/2022\\\/05\\\/VIP-TRAVEL_logo.png\",\"contentUrl\":\"https:\\\/\\\/viptravel.fi\\\/wp-content\\\/uploads\\\/2022\\\/05\\\/VIP-TRAVEL_logo.png\",\"width\":300,\"height\":252,\"caption\":\"VIP Travel\"},\"image\":{\"@id\":\"https:\\\/\\\/viptravel.fi\\\/#\\\/schema\\\/logo\\\/image\\\/\"},\"sameAs\":[\"https:\\\/\\\/www.facebook.com\\\/vipcruisesavonlinna\\\/\"]}]}<\/script>\n<!-- \/ Yoast SEO plugin. -->","yoast_head_json":{"title":"Contact Us - VIP Travel","description":"Yhteystiedot - VIP Travel. Tarjoamme yksil\u00f6llisi\u00e4 ja laadukkaita Saimaan risteilyit\u00e4 sek\u00e4 r\u00e4\u00e4t\u00e4l\u00f6ityj\u00e4 lomamatkoja.","robots":{"index":"index","follow":"follow","max-snippet":"max-snippet:-1","max-image-preview":"max-image-preview:large","max-video-preview":"max-video-preview:-1"},"canonical":"https:\/\/viptravel.fi\/en\/contact-us\/","og_locale":"en_US","og_type":"article","og_title":"Contact Us - VIP Travel","og_description":"Yhteystiedot - VIP Travel. Tarjoamme yksil\u00f6llisi\u00e4 ja laadukkaita Saimaan risteilyit\u00e4 sek\u00e4 r\u00e4\u00e4t\u00e4l\u00f6ityj\u00e4 lomamatkoja.","og_url":"https:\/\/viptravel.fi\/en\/contact-us\/","og_site_name":"VIP Travel","article_publisher":"https:\/\/www.facebook.com\/vipcruisesavonlinna\/","article_modified_time":"2024-04-23T09:08:37+00:00","og_image":[{"width":1200,"height":675,"url":"https:\/\/viptravel.fi\/wp-content\/uploads\/2022\/11\/vip-travel-og-1.jpg","type":"image\/jpeg"}],"twitter_card":"summary_large_image","twitter_misc":{"Est. reading time":"1 minute"},"schema":{"@context":"https:\/\/schema.org","@graph":[{"@type":"WebPage","@id":"https:\/\/viptravel.fi\/en\/contact-us\/","url":"https:\/\/viptravel.fi\/en\/contact-us\/","name":"Contact Us - VIP Travel","isPartOf":{"@id":"https:\/\/viptravel.fi\/#website"},"datePublished":"2022-04-20T07:06:37+00:00","dateModified":"2024-04-23T09:08:37+00:00","description":"Yhteystiedot - VIP Travel. Tarjoamme yksil\u00f6llisi\u00e4 ja laadukkaita Saimaan risteilyit\u00e4 sek\u00e4 r\u00e4\u00e4t\u00e4l\u00f6ityj\u00e4 lomamatkoja.","breadcrumb":{"@id":"https:\/\/viptravel.fi\/en\/contact-us\/#breadcrumb"},"inLanguage":"en-US","potentialAction":[{"@type":"ReadAction","target":["https:\/\/viptravel.fi\/en\/contact-us\/"]}]},{"@type":"BreadcrumbList","@id":"https:\/\/viptravel.fi\/en\/contact-us\/#breadcrumb","itemListElement":[{"@type":"ListItem","position":1,"name":"Etusivu","item":"https:\/\/viptravel.fi\/en\/"},{"@type":"ListItem","position":2,"name":"Contact Us"}]},{"@type":"WebSite","@id":"https:\/\/viptravel.fi\/#website","url":"https:\/\/viptravel.fi\/","name":"VIP Travel","description":"Verkkokauppa","publisher":{"@id":"https:\/\/viptravel.fi\/#organization"},"potentialAction":[{"@type":"SearchAction","target":{"@type":"EntryPoint","urlTemplate":"https:\/\/viptravel.fi\/?s={search_term_string}"},"query-input":{"@type":"PropertyValueSpecification","valueRequired":true,"valueName":"search_term_string"}}],"inLanguage":"en-US"},{"@type":"Organization","@id":"https:\/\/viptravel.fi\/#organization","name":"VIP Travel","url":"https:\/\/viptravel.fi\/","logo":{"@type":"ImageObject","inLanguage":"en-US","@id":"https:\/\/viptravel.fi\/#\/schema\/logo\/image\/","url":"https:\/\/viptravel.fi\/wp-content\/uploads\/2022\/05\/VIP-TRAVEL_logo.png","contentUrl":"https:\/\/viptravel.fi\/wp-content\/uploads\/2022\/05\/VIP-TRAVEL_logo.png","width":300,"height":252,"caption":"VIP Travel"},"image":{"@id":"https:\/\/viptravel.fi\/#\/schema\/logo\/image\/"},"sameAs":["https:\/\/www.facebook.com\/vipcruisesavonlinna\/"]}]}},"meta_box":{"dg_tuotenosto_row":[],"dg_recommended_product_categories_title":"","dg_recommended_product_categories":[],"dg_show_campaigns":"0","dg_select_after_page_contents":[],"dg_show_newsletter":"0","dg_alternating_image_text_row_order_1":"","dg_alternating_image_text_grid_group_1":[],"digitaali_top_hero_hide":"0","digitaali_top_overlay_text_hide":"0","digitaali_top_overlay_caption":"","digitaali_carousel_slide_group":[],"digitaali_top_video":[],"digitaali_top_video_poster":[],"digitaali_top_video_mobile":[]},"_links":{"self":[{"href":"https:\/\/viptravel.fi\/en\/wp-json\/wp\/v2\/pages\/7579","targetHints":{"allow":["GET"]}}],"collection":[{"href":"https:\/\/viptravel.fi\/en\/wp-json\/wp\/v2\/pages"}],"about":[{"href":"https:\/\/viptravel.fi\/en\/wp-json\/wp\/v2\/types\/page"}],"author":[{"embeddable":true,"href":"https:\/\/viptravel.fi\/en\/wp-json\/wp\/v2\/users\/2"}],"replies":[{"embeddable":true,"href":"https:\/\/viptravel.fi\/en\/wp-json\/wp\/v2\/comments?post=7579"}],"version-history":[{"count":3,"href":"https:\/\/viptravel.fi\/en\/wp-json\/wp\/v2\/pages\/7579\/revisions"}],"predecessor-version":[{"id":7580,"href":"https:\/\/viptravel.fi\/en\/wp-json\/wp\/v2\/pages\/7579\/revisions\/7580"}],"wp:attachment":[{"href":"https:\/\/viptravel.fi\/en\/wp-json\/wp\/v2\/media?parent=7579"}],"curies":[{"name":"wp","href":"https:\/\/api.w.org\/{rel}","templated":true}]}}